{"id":1125,"date":"2015-05-08T13:22:48","date_gmt":"2015-05-08T13:22:48","guid":{"rendered":"http:\/\/quanticalabs.com\/wptest\/carservice\/?page_id=4"},"modified":"2021-12-29T14:02:49","modified_gmt":"2021-12-29T11:02:49","slug":"home","status":"publish","type":"page","link":"https:\/\/www.polyurethanefoammachine.com\/tr\/","title":{"rendered":"Y\u00fcksek Bas\u0131n\u00e7 Poli\u00fcretan Makinesi"},"content":{"rendered":"<p>[vc_row type=&#8221;full-width&#8221;][vc_column][rev_slider_vc alias=&#8221;main&#8221;][\/vc_column][\/vc_row][vc_row top_margin=&#8221;page-margin-top-section&#8221;][vc_column][vc_column_text el_class=&#8221;description align-center&#8221;]<strong>Y\u00fcksek Bas\u0131n\u00e7 Poli\u00fcretan Makinesi<\/strong>\u00a0ile a\u00e7\u0131k veya kapal\u0131 d\u00f6k\u00fcm ger\u00e7ekle\u015ftirilebilmektedir. M\u00fc\u015fteri memnuniyeti bizim i\u00e7in \u00f6n plandad\u0131r ve bunun i\u00e7in teknik destek, uzaktan eri\u015fim, makine kurulumu ve yedek par\u00e7a temini konusunda m\u00fc\u015fterilerimize son derece h\u0131zl\u0131 ve etkili bir bi\u00e7imde destek sa\u011flamaktay\u0131z. Poli\u00fcretan enjeksiyon makinelerimizin, m\u00fc\u015fterilerimizin \u00fcretece\u011fi \u00fcr\u00fcnlerin teknik \u00f6zelliklerini kar\u015f\u0131layacak be\u015f adet modeli bulunmaktad\u0131r.[\/vc_column_text][\/vc_column][\/vc_row][vc_row type=&#8221;full-width&#8221; top_margin=&#8221;page-margin-top-section&#8221;][vc_column]<div class=\"announcement clearfix\">\r\n\t\t\t\t\t<div class=\"vc_row wpb_row vc_row-fluid\">\r\n\t\t\t\t\t\t<div class=\"vc_col-sm-8 wpb_column vc_column_container\">\r\n\t\t\t\t\t\t\t<div class=\"vertical-align\">\r\n\t\t\t\t\t\t\t\t<div class=\"vertical-align-cell\">\r\n\t\t\t\t\t\t\t\t\t<p class=\"description\">END\u00dcSTR\u0130DE YEN\u0130 D\u00dcNYA L\u0130DER\u0130<\/p>\r\n\t\t\t\t\t\t\t\t<\/div>\r\n\t\t\t\t\t\t\t<\/div>\r\n\t\t\t\t\t\t<\/div><div class=\"vc_col-sm-4 wpb_column vc_column_container\">\r\n\t\t\t\t\t\t<div class=\"vertical-align\">\r\n\t\t\t\t\t\t\t<div class=\"vertical-align-cell\">\r\n\t\t\t\t\t\t\t\t<a title=\"B\u0130ZE ULA\u015eIN\" href=\"https:\/\/polyurethanefoammachine.com\/tr\/iletisim\/\" class=\"more\"><span>B\u0130ZE ULA\u015eIN<\/span><\/a>\r\n\t\t\t\t\t\t\t<\/div>\r\n\t\t\t\t\t\t<\/div>\r\n\t\t\t\t\t<\/div><\/div>\r\n\t\t\t<\/div><ul class=\"galleries-list clearfix\"><li><a href=\"https:\/\/www.polyurethanefoammachine.com\/tr\/poliuretan-kopuk-makinasi\/engine-diagnostics\/\" title=\"Y\u00dcKSEK BASIN\u00c7 POL\u0130\u00dcRETAN D\u00d6K\u00dcM MAK\u0130NASI\"><img loading=\"lazy\" decoding=\"async\" width=\"480\" height=\"320\" src=\"https:\/\/www.polyurethanefoammachine.com\/tr\/wp-content\/uploads\/2021\/11\/mixing-head-480x320.jpg\" class=\"attachment-big-thumb size-big-thumb wp-post-image\" alt=\"Y\u00dcKSEK BASIN\u00c7 POL\u0130\u00dcRETAN D\u00d6K\u00dcM MAK\u0130NASI\" title=\"\" srcset=\"https:\/\/www.polyurethanefoammachine.com\/tr\/wp-content\/uploads\/2021\/11\/mixing-head-480x320.jpg 480w, https:\/\/www.polyurethanefoammachine.com\/tr\/wp-content\/uploads\/2021\/11\/mixing-head-300x200.jpg 300w, https:\/\/www.polyurethanefoammachine.com\/tr\/wp-content\/uploads\/2021\/11\/mixing-head-768x512.jpg 768w, https:\/\/www.polyurethanefoammachine.com\/tr\/wp-content\/uploads\/2021\/11\/mixing-head-570x380.jpg 570w, https:\/\/www.polyurethanefoammachine.com\/tr\/wp-content\/uploads\/2021\/11\/mixing-head-390x260.jpg 390w, https:\/\/www.polyurethanefoammachine.com\/tr\/wp-content\/uploads\/2021\/11\/mixing-head-270x180.jpg 270w, https:\/\/www.polyurethanefoammachine.com\/tr\/wp-content\/uploads\/2021\/11\/mixing-head.jpg 870w\" sizes=\"auto, (max-width: 480px) 100vw, 480px\" \/>\r\n\t\t\t<\/a><div class=\"view align-center\">\r\n\t\t\t\t\t<div class=\"vertical-align-table\">\r\n\t\t\t\t\t\t<div class=\"vertical-align-cell\"><p class=\"description\">Y\u00dcKSEK BASIN\u00c7 POL\u0130\u00dcRETAN D\u00d6K\u00dcM MAK\u0130NASI<\/p><a class=\"more simple\" href=\"https:\/\/www.polyurethanefoammachine.com\/tr\/poliuretan-kopuk-makinasi\/engine-diagnostics\/\" title=\"DEVAMINI OKU\">DEVAMINI OKU<\/a><\/div>\r\n\t\t\t\t\t<\/div>\r\n\t\t\t\t<\/div><li><a href=\"https:\/\/www.polyurethanefoammachine.com\/tr\/poliuretan-kopuk-makinasi\/oil-change\/\" title=\"DOZAJLAMA POMPALARI\"><img loading=\"lazy\" decoding=\"async\" width=\"480\" height=\"320\" src=\"https:\/\/www.polyurethanefoammachine.com\/tr\/wp-content\/uploads\/2021\/11\/pumps0-480x320.jpg\" class=\"attachment-big-thumb size-big-thumb wp-post-image\" alt=\"DOZAJLAMA POMPALARI\" title=\"\" srcset=\"https:\/\/www.polyurethanefoammachine.com\/tr\/wp-content\/uploads\/2021\/11\/pumps0-480x320.jpg 480w, https:\/\/www.polyurethanefoammachine.com\/tr\/wp-content\/uploads\/2021\/11\/pumps0-300x200.jpg 300w, https:\/\/www.polyurethanefoammachine.com\/tr\/wp-content\/uploads\/2021\/11\/pumps0-768x512.jpg 768w, https:\/\/www.polyurethanefoammachine.com\/tr\/wp-content\/uploads\/2021\/11\/pumps0-570x380.jpg 570w, https:\/\/www.polyurethanefoammachine.com\/tr\/wp-content\/uploads\/2021\/11\/pumps0-390x260.jpg 390w, https:\/\/www.polyurethanefoammachine.com\/tr\/wp-content\/uploads\/2021\/11\/pumps0-270x180.jpg 270w, https:\/\/www.polyurethanefoammachine.com\/tr\/wp-content\/uploads\/2021\/11\/pumps0.jpg 870w\" sizes=\"auto, (max-width: 480px) 100vw, 480px\" \/>\r\n\t\t\t<\/a><div class=\"view align-center\">\r\n\t\t\t\t\t<div class=\"vertical-align-table\">\r\n\t\t\t\t\t\t<div class=\"vertical-align-cell\"><p class=\"description\">DOZAJLAMA POMPALARI<\/p><a class=\"more simple\" href=\"https:\/\/www.polyurethanefoammachine.com\/tr\/poliuretan-kopuk-makinasi\/oil-change\/\" title=\"DEVAMINI OKU\">DEVAMINI OKU<\/a><\/div>\r\n\t\t\t\t\t<\/div>\r\n\t\t\t\t<\/div><li><a href=\"https:\/\/www.polyurethanefoammachine.com\/tr\/poliuretan-kopuk-makinasi\/dpm-debimetreler\/\" title=\"DPM Debimetreler\"><img loading=\"lazy\" decoding=\"async\" width=\"480\" height=\"320\" src=\"https:\/\/www.polyurethanefoammachine.com\/tr\/wp-content\/uploads\/2021\/11\/flowmeter0-480x320.jpg\" class=\"attachment-big-thumb size-big-thumb wp-post-image\" alt=\"DPM Debimetreler\" title=\"\" srcset=\"https:\/\/www.polyurethanefoammachine.com\/tr\/wp-content\/uploads\/2021\/11\/flowmeter0-480x320.jpg 480w, https:\/\/www.polyurethanefoammachine.com\/tr\/wp-content\/uploads\/2021\/11\/flowmeter0-300x200.jpg 300w, https:\/\/www.polyurethanefoammachine.com\/tr\/wp-content\/uploads\/2021\/11\/flowmeter0-768x512.jpg 768w, https:\/\/www.polyurethanefoammachine.com\/tr\/wp-content\/uploads\/2021\/11\/flowmeter0-570x380.jpg 570w, https:\/\/www.polyurethanefoammachine.com\/tr\/wp-content\/uploads\/2021\/11\/flowmeter0-390x260.jpg 390w, https:\/\/www.polyurethanefoammachine.com\/tr\/wp-content\/uploads\/2021\/11\/flowmeter0-270x180.jpg 270w, https:\/\/www.polyurethanefoammachine.com\/tr\/wp-content\/uploads\/2021\/11\/flowmeter0.jpg 870w\" sizes=\"auto, (max-width: 480px) 100vw, 480px\" \/>\r\n\t\t\t<\/a><div class=\"view align-center\">\r\n\t\t\t\t\t<div class=\"vertical-align-table\">\r\n\t\t\t\t\t\t<div class=\"vertical-align-cell\"><p class=\"description\">DPM Debimetreler<\/p><a class=\"more simple\" href=\"https:\/\/www.polyurethanefoammachine.com\/tr\/poliuretan-kopuk-makinasi\/dpm-debimetreler\/\" title=\"DEVAMINI OKU\">DEVAMINI OKU<\/a><\/div>\r\n\t\t\t\t\t<\/div>\r\n\t\t\t\t<\/div><li><a href=\"https:\/\/www.polyurethanefoammachine.com\/tr\/poliuretan-kopuk-makinasi\/dpm-kenar-filtre\/\" title=\"DPM Kenar Filtreleri \/ Self Cleaning\"><img loading=\"lazy\" decoding=\"async\" width=\"480\" height=\"320\" src=\"https:\/\/www.polyurethanefoammachine.com\/tr\/wp-content\/uploads\/2021\/11\/Edge-Filters-self-cleaning-480x320.jpg\" class=\"attachment-big-thumb size-big-thumb wp-post-image\" alt=\"DPM Kenar Filtreleri \/ Self Cleaning\" title=\"\" srcset=\"https:\/\/www.polyurethanefoammachine.com\/tr\/wp-content\/uploads\/2021\/11\/Edge-Filters-self-cleaning-480x320.jpg 480w, https:\/\/www.polyurethanefoammachine.com\/tr\/wp-content\/uploads\/2021\/11\/Edge-Filters-self-cleaning-300x200.jpg 300w, https:\/\/www.polyurethanefoammachine.com\/tr\/wp-content\/uploads\/2021\/11\/Edge-Filters-self-cleaning-768x512.jpg 768w, https:\/\/www.polyurethanefoammachine.com\/tr\/wp-content\/uploads\/2021\/11\/Edge-Filters-self-cleaning-570x380.jpg 570w, https:\/\/www.polyurethanefoammachine.com\/tr\/wp-content\/uploads\/2021\/11\/Edge-Filters-self-cleaning-390x260.jpg 390w, https:\/\/www.polyurethanefoammachine.com\/tr\/wp-content\/uploads\/2021\/11\/Edge-Filters-self-cleaning-270x180.jpg 270w, https:\/\/www.polyurethanefoammachine.com\/tr\/wp-content\/uploads\/2021\/11\/Edge-Filters-self-cleaning.jpg 870w\" sizes=\"auto, (max-width: 480px) 100vw, 480px\" \/>\r\n\t\t\t<\/a><div class=\"view align-center\">\r\n\t\t\t\t\t<div class=\"vertical-align-table\">\r\n\t\t\t\t\t\t<div class=\"vertical-align-cell\"><p class=\"description\">DPM Kenar Filtreleri \/ Self Cleaning<\/p><a class=\"more simple\" href=\"https:\/\/www.polyurethanefoammachine.com\/tr\/poliuretan-kopuk-makinasi\/dpm-kenar-filtre\/\" title=\"DEVAMINI OKU\">DEVAMINI OKU<\/a><\/div>\r\n\t\t\t\t\t<\/div>\r\n\t\t\t\t<\/div><\/ul>[\/vc_column][\/vc_row][vc_row type=&#8221;full-width&#8221; css=&#8221;.vc_custom_1432038677789{background-color: #f5f5f5 !important;}&#8221; el_class=&#8221;align-center padding-top-54 padding-bottom-61&#8243;][vc_column]<div class=\"announcement clearfix\">\r\n\t\t\t\t\t<div class=\"vc_row wpb_row vc_row-fluid\">\r\n\t\t\t\t\t\t<div class=\"vc_col-sm-8 wpb_column vc_column_container\">\r\n\t\t\t\t\t\t\t<div class=\"vertical-align\">\r\n\t\t\t\t\t\t\t\t<div class=\"vertical-align-cell\">\r\n\t\t\t\t\t\t\t\t\t<p class=\"description\">Poli\u00fcretan Enjeksiyon Makinas\u0131<\/p>\r\n\t\t\t\t\t\t\t\t<\/div>\r\n\t\t\t\t\t\t\t<\/div>\r\n\t\t\t\t\t\t<\/div><div class=\"vc_col-sm-4 wpb_column vc_column_container\">\r\n\t\t\t\t\t\t<div class=\"vertical-align\">\r\n\t\t\t\t\t\t\t<div class=\"vertical-align-cell\">\r\n\t\t\t\t\t\t\t\t<a title=\"T\u00dcM \u00dcR\u00dcNLER\" href=\"https:\/\/polyurethanefoammachine.com\/tr\/urunler\/\" class=\"more\"><span>T\u00dcM \u00dcR\u00dcNLER<\/span><\/a>\r\n\t\t\t\t\t\t\t<\/div>\r\n\t\t\t\t\t\t<\/div>\r\n\t\t\t\t\t<\/div><\/div>\r\n\t\t\t<\/div>[\/vc_column][\/vc_row][vc_row type=&#8221;full-width&#8221; top_margin=&#8221;page-margin-top-section&#8221; el_class=&#8221;flex-box&#8221; css=&#8221;.vc_custom_1441196365110{background-color: #f5f5f5 !important;}&#8221;][vc_column width=&#8221;1\/2&#8243; css=&#8221;.vc_custom_1637139279606{background-image: url(http:\/\/polyurethanefoammachine.com\/tr\/wp-content\/uploads\/2021\/11\/mixing-head-1.jpg?id=1675) !important;}&#8221;][vc_single_image image=&#8221;1675&#8243; img_size=&#8221;large-thumb&#8221; el_class=&#8221;flex-hide&#8221;][\/vc_column][vc_column width=&#8221;1\/2&#8243; el_class=&#8221;padding-left-right-100 padding-bottom-66&#8243;][vc_column_text]<\/p>\n<p id=\"arabaslik\" class=\"box-header\" style=\"text-align: center;\">Uygulama Alanlar\u0131<\/p>\n<p>[\/vc_column_text][vc_column_text el_class=&#8221;description align-center&#8221;]T\u00fcm poli\u00fcretan k\u00f6p\u00fck uygulamalar\u0131nda kullan\u0131lan y\u00fcksek bas\u0131n\u00e7l\u0131 dozajlama makinalar\u0131 \u00fcretmekteyiz. Ayr\u0131ca sandvi\u00e7 panel \u00fcretimi i\u00e7in hidrolik presler, pentan kullan\u0131lan uygulamalar i\u00e7in komple hatlar ve esnek k\u00f6p\u00fck hatlar\u0131 \u00fcretmekteyiz.[\/vc_column_text][vc_row_inner css=&#8221;.vc_custom_1439977887316{margin-top: 30px !important;}&#8221;][vc_column_inner width=&#8221;1\/3&#8243;]<ul class=\"list\"><li class=\"template-bullet \"><span>\u0130N\u015eAAT<\/span><\/li><li class=\"template-bullet \"><span>SO\u011eUTMA<\/span><\/li><\/ul>[\/vc_column_inner][vc_column_inner width=&#8221;1\/3&#8243;]<ul class=\"list\"><li class=\"template-bullet \"><span>MOB\u0130LYA<\/span><\/li><li class=\"template-bullet \"><span>BORU \u0130ZOLASYON<\/span><\/li><\/ul>[\/vc_column_inner][vc_column_inner width=&#8221;1\/3&#8243;]<ul class=\"list\"><li class=\"template-bullet \"><span>OTOMOT\u0130V<\/span><\/li><li class=\"template-bullet \"><span>TEKN\u0130K \u00dcR\u00dcNLER<\/span><\/li><\/ul>[\/vc_column_inner][\/vc_row_inner][\/vc_column][\/vc_row][vc_row type=&#8221;full-width&#8221; top_margin=&#8221;page-margin-top-section&#8221; el_class=&#8221;padding-bottom-50 top-border&#8221;][vc_column][vc_column_text]<\/p>\n<p id=\"arabaslik\" class=\"box-header\" style=\"text-align: center;\">Markalar\u0131m\u0131z<\/p>\n<p>[\/vc_column_text][vc_row_inner][vc_column_inner]<div class=\"our-clients-list-container page-margin-top type-carousel\">\r\n\t\t\t\t\t<ul class=\"our-clients-list autoplay-0 type-carousel\"><li><img loading=\"lazy\" decoding=\"async\" width=\"200\" height=\"100\" src=\"https:\/\/www.polyurethanefoammachine.com\/tr\/wp-content\/uploads\/2021\/11\/dmmet.png\" class=\"attachment-full size-full\" alt=\"\" \/><\/li><li><img loading=\"lazy\" decoding=\"async\" width=\"200\" height=\"100\" src=\"https:\/\/www.polyurethanefoammachine.com\/tr\/wp-content\/uploads\/2021\/11\/dmmetas.png\" class=\"attachment-full size-full\" alt=\"\" \/><\/li><li><img loading=\"lazy\" decoding=\"async\" width=\"200\" height=\"100\" src=\"https:\/\/www.polyurethanefoammachine.com\/tr\/wp-content\/uploads\/2021\/11\/advancedpolyurethanemachine.png\" class=\"attachment-full size-full\" alt=\"\" \/><\/li><li><img loading=\"lazy\" decoding=\"async\" width=\"200\" height=\"100\" src=\"https:\/\/www.polyurethanefoammachine.com\/tr\/wp-content\/uploads\/2021\/11\/otopur.png\" class=\"attachment-full size-full\" alt=\"\" \/><\/li><li><img loading=\"lazy\" decoding=\"async\" width=\"200\" height=\"100\" src=\"https:\/\/www.polyurethanefoammachine.com\/tr\/wp-content\/uploads\/2021\/11\/metpur.png\" class=\"attachment-full size-full\" alt=\"\" \/><\/li><li><img loading=\"lazy\" decoding=\"async\" width=\"200\" height=\"100\" src=\"https:\/\/www.polyurethanefoammachine.com\/tr\/wp-content\/uploads\/2021\/11\/donemmakina2.png\" class=\"attachment-full size-full\" alt=\"\" \/><\/li><li><img loading=\"lazy\" decoding=\"async\" width=\"200\" height=\"100\" src=\"https:\/\/www.polyurethanefoammachine.com\/tr\/wp-content\/uploads\/2021\/11\/sandwichpanelmachine-logo.png\" class=\"attachment-full size-full\" alt=\"\" \/><\/li><\/ul><div class=\"cs-carousel-pagination\"><\/div><\/div>[\/vc_column_inner][\/vc_row_inner][\/vc_column][\/vc_row][vc_row][vc_column][vc_toggle title=&#8221;Y\u00fcksek Bas\u0131n\u00e7 Poli\u00fcretan Makinesi Nedir&#8221;]Y\u00fcksek bas\u0131n\u00e7 poli\u00fcretan d\u00f6k\u00fcm makinelerimizde kulland\u0131\u011f\u0131m\u0131z debimetre, kendi kendini temizleyen b\u0131\u00e7akl\u0131 filtre ve y\u00fcksek bas\u0131n\u00e7 kendi kendini temizleyen kar\u0131\u015f\u0131m kafas\u0131n\u0131 da \u00fcretim tesislerimizde kendimiz imalat\u0131n\u0131 ger\u00e7ekle\u015ftirmekteyiz.[\/vc_toggle][\/vc_column][\/vc_row][vc_row][vc_column][vc_column_text]<\/p>\n<h2>Poli\u00fcretan Enjeksiyon Kafas\u0131<\/h2>\n<p><strong>Poli\u00fcretan enjeksiyon kafas\u0131<\/strong> makinelerimizde uzman teknik ekibimizle geli\u015ftirdi\u011fimiz ve tesislerimizde \u00fcretimini de kendimizin ger\u00e7ekle\u015ftirmi\u015f oldu\u011fu y\u00fcksek bas\u0131n\u00e7 poli\u00fcretan enjeksiyon kafalar\u0131n\u0131 kullanmaktay\u0131z. Y\u00fcksek bas\u0131n\u00e7 kar\u0131\u015ft\u0131rma kafalar\u0131m\u0131z kullan\u0131laca\u011f\u0131 sistemlere g\u00f6re \u00fc\u00e7 modeli mevcuttur. Bunlar L Tipi, I Tipi ve Continuous sistemler i\u00e7indir.<\/p>\n<h2>So\u011fuk Oda Panel \u00dcretim Presi Ve Makinesi<\/h2>\n<p><strong>So\u011fuk oda panel \u00fcretim presi ve makinesi,<\/strong> so\u011fuk oda rollform makinesi ve poli\u00fcretan enjeksiyon makinesi imalat\u0131n\u0131 bir b\u00fct\u00fcn olarak ger\u00e7ekle\u015ftirmektedir. So\u011fuk oda panel \u00fcretim presi istenilen uzunlukta ve istenilen proseste \u00fcretilebilmektedir.[\/vc_column_text][\/vc_column][\/vc_row]<\/p>\n","protected":false},"excerpt":{"rendered":"<p>[vc_row type=&#8221;full-width&#8221;][vc_column][rev_slider_vc alias=&#8221;main&#8221;][\/vc_column][\/vc_row][vc_row top_margin=&#8221;page-margin-top-section&#8221;][vc_column][vc_column_text el_class=&#8221;description align-center&#8221;]Y\u00fcksek Bas\u0131n\u00e7 Poli\u00fcretan Makinesi\u00a0ile a\u00e7\u0131k veya kapal\u0131 d\u00f6k\u00fcm ger\u00e7ekle\u015ftirilebilmektedir. M\u00fc\u015fteri memnuniyeti bizim i\u00e7in \u00f6n plandad\u0131r ve bunun i\u00e7in teknik destek, uzaktan eri\u015fim, makine kurulumu ve yedek par\u00e7a temini konusunda m\u00fc\u015fterilerimize son derece h\u0131zl\u0131 ve etkili bir bi\u00e7imde destek sa\u011flamaktay\u0131z. Poli\u00fcretan enjeksiyon makinelerimizin, m\u00fc\u015fterilerimizin \u00fcretece\u011fi \u00fcr\u00fcnlerin teknik \u00f6zelliklerini kar\u015f\u0131layacak be\u015f adet<\/p>\n","protected":false},"author":1,"featured_media":1664,"parent":0,"menu_order":0,"comment_status":"open","ping_status":"open","template":"template-default-without-breadcrumbs.php","meta":{"footnotes":""},"class_list":["post-1125","page","type-page","status-publish","has-post-thumbnail","hentry"],"_links":{"self":[{"href":"https:\/\/www.polyurethanefoammachine.com\/tr\/wp-json\/wp\/v2\/pages\/1125","targetHints":{"allow":["GET"]}}],"collection":[{"href":"https:\/\/www.polyurethanefoammachine.com\/tr\/wp-json\/wp\/v2\/pages"}],"about":[{"href":"https:\/\/www.polyurethanefoammachine.com\/tr\/wp-json\/wp\/v2\/types\/page"}],"author":[{"embeddable":true,"href":"https:\/\/www.polyurethanefoammachine.com\/tr\/wp-json\/wp\/v2\/users\/1"}],"replies":[{"embeddable":true,"href":"https:\/\/www.polyurethanefoammachine.com\/tr\/wp-json\/wp\/v2\/comments?post=1125"}],"version-history":[{"count":54,"href":"https:\/\/www.polyurethanefoammachine.com\/tr\/wp-json\/wp\/v2\/pages\/1125\/revisions"}],"predecessor-version":[{"id":2039,"href":"https:\/\/www.polyurethanefoammachine.com\/tr\/wp-json\/wp\/v2\/pages\/1125\/revisions\/2039"}],"wp:featuredmedia":[{"embeddable":true,"href":"https:\/\/www.polyurethanefoammachine.com\/tr\/wp-json\/wp\/v2\/media\/1664"}],"wp:attachment":[{"href":"https:\/\/www.polyurethanefoammachine.com\/tr\/wp-json\/wp\/v2\/media?parent=1125"}],"curies":[{"name":"wp","href":"https:\/\/api.w.org\/{rel}","templated":true}]}}