{"id":1969,"date":"2021-12-17T12:45:01","date_gmt":"2021-12-17T09:45:01","guid":{"rendered":"https:\/\/polyurethanefoammachine.com\/tr\/?page_id=1969"},"modified":"2021-12-20T14:31:14","modified_gmt":"2021-12-20T11:31:14","slug":"poliuretan-enjeksiyon-makinesi","status":"publish","type":"page","link":"https:\/\/www.polyurethanefoammachine.com\/tr\/poliuretan-enjeksiyon-makinesi\/","title":{"rendered":"Poli\u00fcretan Enjeksiyon Makinesi"},"content":{"rendered":"<p>[vc_row][vc_column][vc_column_text]<strong>Poli\u00fcretan Enjeksiyon Makinesi<\/strong> Negatif izolasyon sa\u011flayan poli\u00fcretan, epoksi benzeri re\u00e7ineleri y\u00fcksek bas\u0131n\u00e7la enjekte etmek amac\u0131yla geli\u015ftirilmi\u015ftir.<\/p>\n<p>Matkap motorlu poli\u00fcretan enjeksiyon makineleri, kullan\u0131m alanlar\u0131 beton \u00e7atlaklar\u0131n\u0131n su izolasyonu amac\u0131yla, dilatasyon bo\u015fluklar\u0131n\u0131n su izolasyonu ve yer alt\u0131 su izolasyonlar\u0131n\u0131 ayr\u0131ca t\u00fcnel ve k\u00f6pr\u00fclerin yal\u0131t\u0131mlar\u0131nda kullan\u0131l\u0131r.\u00a0 Enjeksiyon makineleri, poli\u00fcretan ve epoksi bazl\u0131 re\u00e7inelerin beton i\u00e7ine enjeksiyonunda m\u00fckemmel \u00e7\u00f6z\u00fcm sa\u011flar. Pratik kullan\u0131ml\u0131 ve uygun maliyetlidir.<\/p>\n<p><b>Poli\u00fcretan Enjeksiyon <\/b>Makine\u00a0ve pompalar\u0131 i\u015fleriniz ve projelerinize uygun olarak a\u015fa\u011f\u0131daki \u00e7e\u015fitleri inceleyerek talepte bulunabilirsiniz.<\/p>\n<p>Makinelerin stoklar\u0131 s\u00fcrekli bulunmaktad\u0131r. Ayr\u0131ca \u00fcr\u00fcn al\u0131m\u0131 sonras\u0131 2 y\u0131l makineler garanti kapsam\u0131ndad\u0131r.<\/p>\n<h2>Poli\u00fcretan Enjeksiyon Makinesi Nedir?<\/h2>\n<p>Poli\u00fcretan Enjeksiyon Makinesi, Beton ve dilatasyon izolasyonlar\u0131 i\u00e7in geli\u015ftirilmi\u015ftir. Negatif y\u00f6nden gelen sular\u0131n kesilmesi amac\u0131yla s\u0131v\u0131\u00a0poli\u00fcretan\u00a0re\u00e7ineleri enjekte etmekte kullan\u0131l\u0131r. Y\u00fcksek bas\u0131n\u00e7l\u0131d\u0131r kullan\u0131m\u0131 kolay ve pratiktir.<\/p>\n<h2>Poli\u00fcretan Enjeksiyon Makinesi Fiyatlar\u0131 Nedir?<\/h2>\n<p><strong>Poli\u00fcretan Enjeksiyon Makinesi Fiyatlar\u0131<\/strong> ihtiyaca g\u00f6re \u00f6zel temin edilmekte olup fiyat bilgisi teklif usul\u00fc verilmektedir. A\u015fa\u011f\u0131daki Formu Doldurarak Poli\u00fcretan Enjeksiyon Makinesi i\u00e7in Fiyat teklif alabilirsiniz.[\/vc_column_text][\/vc_column][\/vc_row][vc_row][vc_column]<form class=\"contact-form \" id=\"contact_form_teklif\" method=\"post\" action=\"#\">\r\n\t\t<div class=\"vc_row wpb_row vc_inner\">\r\n\t\t\t<fieldset class=\"vc_col-sm-6 wpb_column vc_column_container\">\r\n\t\t\t\t<div class=\"block\">\r\n\t\t\t\t\t<input class=\"text_input\" name=\"name\" type=\"text\" value=\"Ad\u0131n\u0131z ve Soy Ad\u0131n\u0131z *\" placeholder=\"Ad\u0131n\u0131z ve Soy Ad\u0131n\u0131z *\" data-default=\"Ad\u0131n\u0131z ve Soy Ad\u0131n\u0131z *\" data-required=\"1\">\r\n\t\t\t\t<\/div>\r\n\t\t\t\t<div class=\"block\">\r\n\t\t\t\t\t<input class=\"text_input\" name=\"email\" type=\"text\" value=\"Email *\" placeholder=\"Email *\" data-default=\"Email *\" data-required=\"1\">\r\n\t\t\t\t<\/div>\r\n\t\t\t\t<div class=\"block\">\r\n\t\t\t\t\t<input class=\"text_input\" name=\"phone\" type=\"text\" value=\"Telefon\" placeholder=\"Telefon\" data-default=\"Telefon\" data-required=\"1\">\r\n\t\t\t\t<\/div>\r\n\t\t\t<\/fieldset>\r\n\t\t\t<fieldset class=\"vc_col-sm-6 wpb_column vc_column_container\">\r\n\t\t\t\t<div class=\"block\">\r\n\t\t\t\t\t<textarea class=\"margin_top_10\" name=\"message\" placeholder=\"Mesaj\u0131n\u0131z (\u0130ste\u011fe Ba\u011fl\u0131)\" data-default=\"Mesaj\u0131n\u0131z (\u0130ste\u011fe Ba\u011fl\u0131)\">Mesaj\u0131n\u0131z (\u0130ste\u011fe Ba\u011fl\u0131)<\/textarea>\r\n\t\t\t\t<\/div>\r\n\t\t\t<\/fieldset>\r\n\t\t<\/div>\r\n\t\t<div class=\"vc_row wpb_row vc_inner submit-container margin-top-30\"><input type=\"hidden\" name=\"action\" value=\"theme_contact_form\">\r\n\t\t\t\t<input type=\"hidden\" name=\"id\" value=\"contact_form_teklif\"><div class=\"vc_row wpb_row vc_inner margin-top-20 padding-bottom-20\">\r\n\t\t\t\t\t<a class=\"more submit-contact-form\" href=\"#\" title=\"G\u00d6NDER\"><span>G\u00d6NDER<\/span><\/a>\r\n\t\t\t\t<\/div><\/div>\r\n\t<\/form>[\/vc_column][\/vc_row]<\/p>\n","protected":false},"excerpt":{"rendered":"<p>[vc_row][vc_column][vc_column_text]Poli\u00fcretan Enjeksiyon Makinesi Negatif izolasyon sa\u011flayan poli\u00fcretan, epoksi benzeri re\u00e7ineleri y\u00fcksek bas\u0131n\u00e7la enjekte etmek amac\u0131yla geli\u015ftirilmi\u015ftir. Matkap motorlu poli\u00fcretan enjeksiyon makineleri, kullan\u0131m alanlar\u0131 beton \u00e7atlaklar\u0131n\u0131n su izolasyonu amac\u0131yla, dilatasyon bo\u015fluklar\u0131n\u0131n su izolasyonu ve yer alt\u0131 su izolasyonlar\u0131n\u0131 ayr\u0131ca t\u00fcnel ve k\u00f6pr\u00fclerin yal\u0131t\u0131mlar\u0131nda kullan\u0131l\u0131r.\u00a0 Enjeksiyon makineleri, poli\u00fcretan ve epoksi bazl\u0131 re\u00e7inelerin beton i\u00e7ine enjeksiyonunda m\u00fckemmel \u00e7\u00f6z\u00fcm<\/p>\n","protected":false},"author":1,"featured_media":0,"parent":0,"menu_order":0,"comment_status":"closed","ping_status":"closed","template":"","meta":{"footnotes":""},"class_list":["post-1969","page","type-page","status-publish","hentry"],"_links":{"self":[{"href":"https:\/\/www.polyurethanefoammachine.com\/tr\/wp-json\/wp\/v2\/pages\/1969","targetHints":{"allow":["GET"]}}],"collection":[{"href":"https:\/\/www.polyurethanefoammachine.com\/tr\/wp-json\/wp\/v2\/pages"}],"about":[{"href":"https:\/\/www.polyurethanefoammachine.com\/tr\/wp-json\/wp\/v2\/types\/page"}],"author":[{"embeddable":true,"href":"https:\/\/www.polyurethanefoammachine.com\/tr\/wp-json\/wp\/v2\/users\/1"}],"replies":[{"embeddable":true,"href":"https:\/\/www.polyurethanefoammachine.com\/tr\/wp-json\/wp\/v2\/comments?post=1969"}],"version-history":[{"count":10,"href":"https:\/\/www.polyurethanefoammachine.com\/tr\/wp-json\/wp\/v2\/pages\/1969\/revisions"}],"predecessor-version":[{"id":2012,"href":"https:\/\/www.polyurethanefoammachine.com\/tr\/wp-json\/wp\/v2\/pages\/1969\/revisions\/2012"}],"wp:attachment":[{"href":"https:\/\/www.polyurethanefoammachine.com\/tr\/wp-json\/wp\/v2\/media?parent=1969"}],"curies":[{"name":"wp","href":"https:\/\/api.w.org\/{rel}","templated":true}]}}