{"id":1980,"date":"2021-12-17T16:28:04","date_gmt":"2021-12-17T13:28:04","guid":{"rendered":"https:\/\/polyurethanefoammachine.com\/tr\/?page_id=1980"},"modified":"2021-12-20T14:31:28","modified_gmt":"2021-12-20T11:31:28","slug":"poliuretan-enjeksiyon-kafasi","status":"publish","type":"page","link":"https:\/\/www.polyurethanefoammachine.com\/tr\/poliuretan-enjeksiyon-kafasi\/","title":{"rendered":"Poli\u00fcretan Enjeksiyon Kafas\u0131"},"content":{"rendered":"<p>[vc_row][vc_column][vc_column_text]<strong>Poli\u00fcretan enjeksiyon kafas\u0131<\/strong> makinelerimizde uzman teknik ekibimizle geli\u015ftirdi\u011fimiz ve tesislerimizde \u00fcretimini de kendimizin ger\u00e7ekle\u015ftirmi\u015f oldu\u011fu y\u00fcksek bas\u0131n\u00e7 poli\u00fcretan enjeksiyon kafalar\u0131n\u0131 kullanmaktay\u0131z. Y\u00fcksek bas\u0131n\u00e7 kar\u0131\u015ft\u0131rma kafalar\u0131m\u0131z kullan\u0131laca\u011f\u0131 sistemlere g\u00f6re \u00fc\u00e7 modeli mevcuttur.<\/p>\n<h2>Poli\u00fcretan Enjeksiyon Kafas\u0131 T\u00fcrleri Nelerdir?<\/h2>\n<p>Bunlar L Tipi, I Tipi ve Continuous sistemler i\u00e7indir. L Tipi poli\u00fcretan enjeksiyon kafalar\u0131 genellikle a\u00e7\u0131k kal\u0131ba d\u00f6k\u00fcm i\u015flemleri i\u00e7in kullan\u0131lmaktad\u0131r. Bu sistem ile m\u00fc\u015fteri talep etti\u011fi \u00fcr\u00fcn\u00fc mevcut kal\u0131b\u0131n\u0131 kullanarak \u00fcretebilmektedir.<\/p>\n<h2>Poli\u00fcretan Enjeksiyon Kafas\u0131 Nedir?<\/h2>\n<p>Poli\u00fcretan Enjeksiyon Kafas\u0131 Genellikle otomotiv ve mobilya sekt\u00f6r\u00fcnde kullan\u0131lmaktad\u0131r. I Tipi poli\u00fcretan enjeksiyon kafalar\u0131 genellikle kapal\u0131 kal\u0131ba d\u00f6k\u00fcm i\u015flemleri i\u00e7in kullan\u0131lmaktad\u0131r. Bu d\u00f6k\u00fcm i\u015flemlerini genellikle buzdolab\u0131 \u00fcreticileri, so\u011fuk oda paneli \u00fcreticileri ve vb \u00fcreticiler kullanmaktad\u0131r. Continuous sistemler i\u00e7in y\u00fcksek bas\u0131n\u00e7 continuous poli\u00fcretan enjeksiyon kafas\u0131 genellikle sandvi\u00e7 panel hatlar\u0131nda kullan\u0131lmaktad\u0131r. Bu hatlarda gereken s\u00fcreklili\u011fi continuous poli\u00fcretan enjeksiyon kafas\u0131nda bulmak m\u00fcmk\u00fcnd\u00fcr.[\/vc_column_text][\/vc_column][\/vc_row][vc_row][vc_column]<form class=\"contact-form \" id=\"contact_form\" method=\"post\" action=\"#\">\r\n\t\t<div class=\"vc_row wpb_row vc_inner\">\r\n\t\t\t<fieldset class=\"vc_col-sm-6 wpb_column vc_column_container\">\r\n\t\t\t\t<div class=\"block\">\r\n\t\t\t\t\t<input class=\"text_input\" name=\"name\" type=\"text\" value=\"Ad\u0131n\u0131z ve Soyad\u0131n\u0131z *\" placeholder=\"Ad\u0131n\u0131z ve Soyad\u0131n\u0131z *\" data-default=\"Ad\u0131n\u0131z ve Soyad\u0131n\u0131z *\" data-required=\"1\">\r\n\t\t\t\t<\/div>\r\n\t\t\t\t<div class=\"block\">\r\n\t\t\t\t\t<input class=\"text_input\" name=\"email\" type=\"text\" value=\"Email *\" placeholder=\"Email *\" data-default=\"Email *\" data-required=\"1\">\r\n\t\t\t\t<\/div>\r\n\t\t\t\t<div class=\"block\">\r\n\t\t\t\t\t<input class=\"text_input\" name=\"phone\" type=\"text\" value=\"Telefon *\" placeholder=\"Telefon *\" data-default=\"Telefon *\" data-required=\"1\">\r\n\t\t\t\t<\/div>\r\n\t\t\t<\/fieldset>\r\n\t\t\t<fieldset class=\"vc_col-sm-6 wpb_column vc_column_container\">\r\n\t\t\t\t<div class=\"block\">\r\n\t\t\t\t\t<textarea class=\"margin_top_10\" name=\"message\" placeholder=\"Mesaj \u0130ste\u011fe Ba\u011fl\u0131\" data-default=\"Mesaj \u0130ste\u011fe Ba\u011fl\u0131\">Mesaj \u0130ste\u011fe Ba\u011fl\u0131<\/textarea>\r\n\t\t\t\t<\/div>\r\n\t\t\t<\/fieldset>\r\n\t\t<\/div>\r\n\t\t<div class=\"vc_row wpb_row vc_inner submit-container margin-top-30\"><input type=\"hidden\" name=\"action\" value=\"theme_contact_form\">\r\n\t\t\t\t<input type=\"hidden\" name=\"id\" value=\"contact_form\"><div class=\"vc_row wpb_row vc_inner margin-top-20 padding-bottom-20\">\r\n\t\t\t\t\t<a class=\"more submit-contact-form\" href=\"#\" title=\"G\u00d6NDER\"><span>G\u00d6NDER<\/span><\/a>\r\n\t\t\t\t<\/div><\/div>\r\n\t<\/form>[\/vc_column][\/vc_row]<\/p>\n","protected":false},"excerpt":{"rendered":"<p>[vc_row][vc_column][vc_column_text]Poli\u00fcretan enjeksiyon kafas\u0131 makinelerimizde uzman teknik ekibimizle geli\u015ftirdi\u011fimiz ve tesislerimizde \u00fcretimini de kendimizin ger\u00e7ekle\u015ftirmi\u015f oldu\u011fu y\u00fcksek bas\u0131n\u00e7 poli\u00fcretan enjeksiyon kafalar\u0131n\u0131 kullanmaktay\u0131z. Y\u00fcksek bas\u0131n\u00e7 kar\u0131\u015ft\u0131rma kafalar\u0131m\u0131z kullan\u0131laca\u011f\u0131 sistemlere g\u00f6re \u00fc\u00e7 modeli mevcuttur. Poli\u00fcretan Enjeksiyon Kafas\u0131 T\u00fcrleri Nelerdir? Bunlar L Tipi, I Tipi ve Continuous sistemler i\u00e7indir. L Tipi poli\u00fcretan enjeksiyon kafalar\u0131 genellikle a\u00e7\u0131k kal\u0131ba d\u00f6k\u00fcm i\u015flemleri<\/p>\n","protected":false},"author":1,"featured_media":1664,"parent":0,"menu_order":0,"comment_status":"closed","ping_status":"closed","template":"","meta":{"footnotes":""},"class_list":["post-1980","page","type-page","status-publish","has-post-thumbnail","hentry"],"_links":{"self":[{"href":"https:\/\/www.polyurethanefoammachine.com\/tr\/wp-json\/wp\/v2\/pages\/1980","targetHints":{"allow":["GET"]}}],"collection":[{"href":"https:\/\/www.polyurethanefoammachine.com\/tr\/wp-json\/wp\/v2\/pages"}],"about":[{"href":"https:\/\/www.polyurethanefoammachine.com\/tr\/wp-json\/wp\/v2\/types\/page"}],"author":[{"embeddable":true,"href":"https:\/\/www.polyurethanefoammachine.com\/tr\/wp-json\/wp\/v2\/users\/1"}],"replies":[{"embeddable":true,"href":"https:\/\/www.polyurethanefoammachine.com\/tr\/wp-json\/wp\/v2\/comments?post=1980"}],"version-history":[{"count":6,"href":"https:\/\/www.polyurethanefoammachine.com\/tr\/wp-json\/wp\/v2\/pages\/1980\/revisions"}],"predecessor-version":[{"id":2015,"href":"https:\/\/www.polyurethanefoammachine.com\/tr\/wp-json\/wp\/v2\/pages\/1980\/revisions\/2015"}],"wp:featuredmedia":[{"embeddable":true,"href":"https:\/\/www.polyurethanefoammachine.com\/tr\/wp-json\/wp\/v2\/media\/1664"}],"wp:attachment":[{"href":"https:\/\/www.polyurethanefoammachine.com\/tr\/wp-json\/wp\/v2\/media?parent=1980"}],"curies":[{"name":"wp","href":"https:\/\/api.w.org\/{rel}","templated":true}]}}