{"id":1986,"date":"2021-12-17T16:38:57","date_gmt":"2021-12-17T13:38:57","guid":{"rendered":"https:\/\/polyurethanefoammachine.com\/tr\/?page_id=1986"},"modified":"2021-12-17T16:40:17","modified_gmt":"2021-12-17T13:40:17","slug":"soguk-oda-panel-uretim-presi-ve-makinesi","status":"publish","type":"page","link":"https:\/\/www.polyurethanefoammachine.com\/tr\/soguk-oda-panel-uretim-presi-ve-makinesi\/","title":{"rendered":"So\u011fuk Oda Panel \u00dcretim Presi Ve Makinesi"},"content":{"rendered":"<p>[vc_row][vc_column][vc_column_text]<strong>So\u011fuk Oda Panel \u00dcretim Presi Ve Makinesi<\/strong> DMMET GROUP uzman ekibiyle m\u00fc\u015fteri memnuniyeti odakl\u0131 sekt\u00f6rdeki 26 y\u0131ll\u0131k tecr\u00fcbesiyle so\u011fuk oda panel \u00fcretim presi, so\u011fuk oda rollform makinesi ve poli\u00fcretan enjeksiyon makinesi imalat\u0131n\u0131 bir b\u00fct\u00fcn olarak ger\u00e7ekle\u015ftirmektedir. So\u011fuk oda panel \u00fcretim presi istenilen uzunlukta ve istenilen proseste \u00fcretilebilmektedir.[\/vc_column_text][\/vc_column][\/vc_row][vc_row][vc_column]<form class=\"contact-form \" id=\"contact_form\" method=\"post\" action=\"#\">\r\n\t\t<div class=\"vc_row wpb_row vc_inner\">\r\n\t\t\t<fieldset class=\"vc_col-sm-6 wpb_column vc_column_container\">\r\n\t\t\t\t<div class=\"block\">\r\n\t\t\t\t\t<input class=\"text_input\" name=\"name\" type=\"text\" value=\"Ad\u0131n\u0131z ve Soy Ad\u0131n\u0131z *\" placeholder=\"Ad\u0131n\u0131z ve Soy Ad\u0131n\u0131z *\" data-default=\"Ad\u0131n\u0131z ve Soy Ad\u0131n\u0131z *\" data-required=\"1\">\r\n\t\t\t\t<\/div>\r\n\t\t\t\t<div class=\"block\">\r\n\t\t\t\t\t<input class=\"text_input\" name=\"email\" type=\"text\" value=\"Email *\" placeholder=\"Email *\" data-default=\"Email *\" data-required=\"1\">\r\n\t\t\t\t<\/div>\r\n\t\t\t\t<div class=\"block\">\r\n\t\t\t\t\t<input class=\"text_input\" name=\"phone\" type=\"text\" value=\"Telefon *\" placeholder=\"Telefon *\" data-default=\"Telefon *\" data-required=\"1\">\r\n\t\t\t\t<\/div>\r\n\t\t\t<\/fieldset>\r\n\t\t\t<fieldset class=\"vc_col-sm-6 wpb_column vc_column_container\">\r\n\t\t\t\t<div class=\"block\">\r\n\t\t\t\t\t<textarea class=\"margin_top_10\" name=\"message\" placeholder=\"Mesaj \u0130ste\u011fe Ba\u011fl\u0131\" data-default=\"Mesaj \u0130ste\u011fe Ba\u011fl\u0131\">Mesaj \u0130ste\u011fe Ba\u011fl\u0131<\/textarea>\r\n\t\t\t\t<\/div>\r\n\t\t\t<\/fieldset>\r\n\t\t<\/div>\r\n\t\t<div class=\"vc_row wpb_row vc_inner submit-container margin-top-30\"><input type=\"hidden\" name=\"action\" value=\"theme_contact_form\">\r\n\t\t\t\t<input type=\"hidden\" name=\"id\" value=\"contact_form\"><div class=\"vc_row wpb_row vc_inner margin-top-20 padding-bottom-20\">\r\n\t\t\t\t\t<a class=\"more submit-contact-form\" href=\"#\" title=\"G\u00d6NDER\"><span>G\u00d6NDER<\/span><\/a>\r\n\t\t\t\t<\/div><\/div>\r\n\t<\/form>[\/vc_column][\/vc_row]<\/p>\n","protected":false},"excerpt":{"rendered":"<p>[vc_row][vc_column][vc_column_text]So\u011fuk Oda Panel \u00dcretim Presi Ve Makinesi DMMET GROUP uzman ekibiyle m\u00fc\u015fteri memnuniyeti odakl\u0131 sekt\u00f6rdeki 26 y\u0131ll\u0131k tecr\u00fcbesiyle so\u011fuk oda panel \u00fcretim presi, so\u011fuk oda rollform makinesi ve poli\u00fcretan enjeksiyon makinesi imalat\u0131n\u0131 bir b\u00fct\u00fcn olarak ger\u00e7ekle\u015ftirmektedir. So\u011fuk oda panel \u00fcretim presi istenilen uzunlukta ve istenilen proseste \u00fcretilebilmektedir.[\/vc_column_text][\/vc_column][\/vc_row][vc_row][vc_column][\/vc_column][\/vc_row]<\/p>\n","protected":false},"author":1,"featured_media":0,"parent":0,"menu_order":0,"comment_status":"closed","ping_status":"closed","template":"","meta":{"footnotes":""},"class_list":["post-1986","page","type-page","status-publish","hentry"],"_links":{"self":[{"href":"https:\/\/www.polyurethanefoammachine.com\/tr\/wp-json\/wp\/v2\/pages\/1986","targetHints":{"allow":["GET"]}}],"collection":[{"href":"https:\/\/www.polyurethanefoammachine.com\/tr\/wp-json\/wp\/v2\/pages"}],"about":[{"href":"https:\/\/www.polyurethanefoammachine.com\/tr\/wp-json\/wp\/v2\/types\/page"}],"author":[{"embeddable":true,"href":"https:\/\/www.polyurethanefoammachine.com\/tr\/wp-json\/wp\/v2\/users\/1"}],"replies":[{"embeddable":true,"href":"https:\/\/www.polyurethanefoammachine.com\/tr\/wp-json\/wp\/v2\/comments?post=1986"}],"version-history":[{"count":4,"href":"https:\/\/www.polyurethanefoammachine.com\/tr\/wp-json\/wp\/v2\/pages\/1986\/revisions"}],"predecessor-version":[{"id":1990,"href":"https:\/\/www.polyurethanefoammachine.com\/tr\/wp-json\/wp\/v2\/pages\/1986\/revisions\/1990"}],"wp:attachment":[{"href":"https:\/\/www.polyurethanefoammachine.com\/tr\/wp-json\/wp\/v2\/media?parent=1986"}],"curies":[{"name":"wp","href":"https:\/\/api.w.org\/{rel}","templated":true}]}}