{"id":1991,"date":"2021-12-17T17:11:43","date_gmt":"2021-12-17T14:11:43","guid":{"rendered":"https:\/\/polyurethanefoammachine.com\/tr\/?page_id=1991"},"modified":"2021-12-20T14:31:37","modified_gmt":"2021-12-20T11:31:37","slug":"sunger-uretim-makinesi","status":"publish","type":"page","link":"https:\/\/www.polyurethanefoammachine.com\/tr\/sunger-uretim-makinesi\/","title":{"rendered":"S\u00fcnger \u00dcretim Makinesi"},"content":{"rendered":"<p>[vc_row][vc_column][vc_column_text]<strong>S\u00fcnger \u00fcretim makinesi<\/strong> continuous sisteme sahiptir. Bunun i\u00e7in poli\u00fcretan enjeksiyon makinesi ve continuous tarz kar\u0131\u015ft\u0131rma kafas\u0131 gerekmektedir. Mobilya, otomotiv, end\u00fcstriyel ekipmanlar, dekorasyon vb alanlarda s\u00fcnger \u00e7e\u015fitlerine rastlamak m\u00fcmk\u00fcnd\u00fcr.<\/p>\n<h2>S\u00fcnger \u00dcretim Makinesi Nedir?<\/h2>\n<p>Dikd\u00f6rtgen, kare veya silindirik kal\u0131plarla s\u00fcnger blo\u011fu\u00a0 \u00fcretmeye elveri\u015fli pin\u00f6matik hareketli imalat makinas\u0131d\u0131r. Kontrol panosu ile mikserin h\u0131z\u0131 elektronik olarak kontrol edilebilir. Hammaddelerin tamam\u0131 makinadaki kazanlara manuel olarak el ile bo\u015falt\u0131l\u0131r. Kal\u0131b\u0131n i\u00e7 y\u00fczeyleri s\u00fcnger blo\u011funun yap\u0131\u015fmas\u0131n\u0131 \u00f6nleyecek \u00f6zel malzeme ile kaplanm\u0131\u015ft\u0131r. Yatak, kanepe, mobilya ve s\u00fcnger fabrikalar\u0131nda s\u00fcnger \u00fcretmek amac\u0131yla kullan\u0131l\u0131r.[\/vc_column_text][\/vc_column][\/vc_row][vc_row][vc_column]<form class=\"contact-form \" id=\"contact_form\" method=\"post\" action=\"#\">\r\n\t\t<div class=\"vc_row wpb_row vc_inner\">\r\n\t\t\t<fieldset class=\"vc_col-sm-6 wpb_column vc_column_container\">\r\n\t\t\t\t<div class=\"block\">\r\n\t\t\t\t\t<input class=\"text_input\" name=\"name\" type=\"text\" value=\"\u0130sim ve Soy \u0130sim *\" placeholder=\"\u0130sim ve Soy \u0130sim *\" data-default=\"\u0130sim ve Soy \u0130sim *\" data-required=\"1\">\r\n\t\t\t\t<\/div>\r\n\t\t\t\t<div class=\"block\">\r\n\t\t\t\t\t<input class=\"text_input\" name=\"email\" type=\"text\" value=\"Email *\" placeholder=\"Email *\" data-default=\"Email *\" data-required=\"1\">\r\n\t\t\t\t<\/div>\r\n\t\t\t\t<div class=\"block\">\r\n\t\t\t\t\t<input class=\"text_input\" name=\"phone\" type=\"text\" value=\"Telefon *\" placeholder=\"Telefon *\" data-default=\"Telefon *\">\r\n\t\t\t\t<\/div>\r\n\t\t\t<\/fieldset>\r\n\t\t\t<fieldset class=\"vc_col-sm-6 wpb_column vc_column_container\">\r\n\t\t\t\t<div class=\"block\">\r\n\t\t\t\t\t<textarea class=\"margin_top_10\" name=\"message\" placeholder=\"Mesaj \u0130ste\u011fe Ba\u011fl\u0131\" data-default=\"Mesaj \u0130ste\u011fe Ba\u011fl\u0131\">Mesaj \u0130ste\u011fe Ba\u011fl\u0131<\/textarea>\r\n\t\t\t\t<\/div>\r\n\t\t\t<\/fieldset>\r\n\t\t<\/div>\r\n\t\t<div class=\"vc_row wpb_row vc_inner submit-container margin-top-30\"><input type=\"hidden\" name=\"action\" value=\"theme_contact_form\">\r\n\t\t\t\t<input type=\"hidden\" name=\"id\" value=\"contact_form\"><div class=\"vc_row wpb_row vc_inner margin-top-20 padding-bottom-20\">\r\n\t\t\t\t\t<a class=\"more submit-contact-form\" href=\"#\" title=\"G\u00d6NDER\"><span>G\u00d6NDER<\/span><\/a>\r\n\t\t\t\t<\/div><\/div>\r\n\t<\/form>[\/vc_column][\/vc_row]<\/p>\n","protected":false},"excerpt":{"rendered":"<p>[vc_row][vc_column][vc_column_text]S\u00fcnger \u00fcretim makinesi continuous sisteme sahiptir. Bunun i\u00e7in poli\u00fcretan enjeksiyon makinesi ve continuous tarz kar\u0131\u015ft\u0131rma kafas\u0131 gerekmektedir. Mobilya, otomotiv, end\u00fcstriyel ekipmanlar, dekorasyon vb alanlarda s\u00fcnger \u00e7e\u015fitlerine rastlamak m\u00fcmk\u00fcnd\u00fcr. S\u00fcnger \u00dcretim Makinesi Nedir? Dikd\u00f6rtgen, kare veya silindirik kal\u0131plarla s\u00fcnger blo\u011fu\u00a0 \u00fcretmeye elveri\u015fli pin\u00f6matik hareketli imalat makinas\u0131d\u0131r. Kontrol panosu ile mikserin h\u0131z\u0131 elektronik olarak kontrol edilebilir. Hammaddelerin<\/p>\n","protected":false},"author":1,"featured_media":0,"parent":0,"menu_order":0,"comment_status":"closed","ping_status":"closed","template":"","meta":{"footnotes":""},"class_list":["post-1991","page","type-page","status-publish","hentry"],"_links":{"self":[{"href":"https:\/\/www.polyurethanefoammachine.com\/tr\/wp-json\/wp\/v2\/pages\/1991","targetHints":{"allow":["GET"]}}],"collection":[{"href":"https:\/\/www.polyurethanefoammachine.com\/tr\/wp-json\/wp\/v2\/pages"}],"about":[{"href":"https:\/\/www.polyurethanefoammachine.com\/tr\/wp-json\/wp\/v2\/types\/page"}],"author":[{"embeddable":true,"href":"https:\/\/www.polyurethanefoammachine.com\/tr\/wp-json\/wp\/v2\/users\/1"}],"replies":[{"embeddable":true,"href":"https:\/\/www.polyurethanefoammachine.com\/tr\/wp-json\/wp\/v2\/comments?post=1991"}],"version-history":[{"count":3,"href":"https:\/\/www.polyurethanefoammachine.com\/tr\/wp-json\/wp\/v2\/pages\/1991\/revisions"}],"predecessor-version":[{"id":2014,"href":"https:\/\/www.polyurethanefoammachine.com\/tr\/wp-json\/wp\/v2\/pages\/1991\/revisions\/2014"}],"wp:attachment":[{"href":"https:\/\/www.polyurethanefoammachine.com\/tr\/wp-json\/wp\/v2\/media?parent=1991"}],"curies":[{"name":"wp","href":"https:\/\/api.w.org\/{rel}","templated":true}]}}