{"id":1994,"date":"2021-12-20T13:38:54","date_gmt":"2021-12-20T10:38:54","guid":{"rendered":"https:\/\/polyurethanefoammachine.com\/tr\/?page_id=1994"},"modified":"2021-12-20T14:30:22","modified_gmt":"2021-12-20T11:30:22","slug":"yuksek-basinc-poliuretan-dokum-makinasi","status":"publish","type":"page","link":"https:\/\/www.polyurethanefoammachine.com\/tr\/yuksek-basinc-poliuretan-dokum-makinasi\/","title":{"rendered":"Y\u00fcksek Bas\u0131n\u00e7 Poli\u00fcretan D\u00f6k\u00fcm Makinas\u0131"},"content":{"rendered":"<p>[vc_row][vc_column][vc_column_text]<strong>Y\u00fcksek Bas\u0131n\u00e7 Poli\u00fcretan D\u00f6k\u00fcm Makinas\u0131<\/strong> g\u00fcn\u00fcm\u00fczde biz \u00e7o\u011funun fark\u0131nda olmasak da hayat\u0131m\u0131z\u0131n her alan\u0131nda mevcuttur. Buzdolaplar\u0131n\u0131n i\u00e7inde ve sandvi\u00e7 panellerin aras\u0131nda yal\u0131t\u0131m ama\u00e7l\u0131 olarak, mobilyalarda s\u00fcnger formunda, otomotiv sekt\u00f6r\u00fcnde yedek par\u00e7alarda ve daha bir\u00e7ok yerde poli\u00fcretana rastlamak m\u00fcmk\u00fcnd\u00fcr.<\/p>\n<h2>Y\u00fcksek Bas\u0131n\u00e7 Poli\u00fcretan D\u00f6k\u00fcm Makinas\u0131 Fiyatlar\u0131<\/h2>\n<p>DMMET GROUP olarak hedefimiz m\u00fc\u015fterilerimizin bu ihtiya\u00e7lar\u0131n\u0131 son derece yenilik\u00e7i ve teknolojik <strong>poli\u00fcretan enjeksiyon<\/strong> makinelerimizle kar\u015f\u0131lamakt\u0131r. 26 y\u0131ld\u0131r sandvi\u00e7 panel \u00fcretim hatlar\u0131, metal \u015fekillendirme hatlar\u0131 ve poli\u00fcretan enjeksiyon makineleri imalat\u0131 yapmakta olan \u015firketimiz sekt\u00f6re y\u00f6n veren lider konumdad\u0131r. Y\u00fcksek bas\u0131n\u00e7 poli\u00fcretan d\u00f6k\u00fcm makinelerimiz ile a\u00e7\u0131k veya kapal\u0131 d\u00f6k\u00fcm ger\u00e7ekle\u015ftirilebilmektedir.<\/p>\n<h2>Y\u00fcksek Bas\u0131n\u00e7 Poli\u00fcretan D\u00f6k\u00fcm Makinas\u0131 Nedir?<\/h2>\n<p>M\u00fc\u015fteri memnuniyeti bizim i\u00e7in \u00f6n plandad\u0131r ve bunun i\u00e7in teknik destek, uzaktan eri\u015fim, makine kurulumu ve yedek par\u00e7a temini konusunda m\u00fc\u015fterilerimize son derece h\u0131zl\u0131 ve etkili bir bi\u00e7imde destek sa\u011flamaktay\u0131z. Poli\u00fcretan enjeksiyon makinelerimizin, m\u00fc\u015fterilerimizin \u00fcretece\u011fi \u00fcr\u00fcnlerin teknik \u00f6zelliklerini kar\u015f\u0131layacak be\u015f adet modeli bulunmaktad\u0131r. Ayn\u0131 zamanda y\u00fcksek bas\u0131n\u00e7 poli\u00fcretan d\u00f6k\u00fcm makinelerimizde kulland\u0131\u011f\u0131m\u0131z debimetre, kendi kendini temizleyen b\u0131\u00e7akl\u0131 filtre ve y\u00fcksek bas\u0131n\u00e7 kendi kendini temizleyen kar\u0131\u015f\u0131m kafas\u0131n\u0131 da \u00fcretim tesislerimizde kendimiz imalat\u0131n\u0131 ger\u00e7ekle\u015ftirmekteyiz.[\/vc_column_text][\/vc_column][\/vc_row][vc_row][vc_column]<form class=\"contact-form \" id=\"contact_form\" method=\"post\" action=\"#\">\r\n\t\t<div class=\"vc_row wpb_row vc_inner\">\r\n\t\t\t<fieldset class=\"vc_col-sm-6 wpb_column vc_column_container\">\r\n\t\t\t\t<div class=\"block\">\r\n\t\t\t\t\t<input class=\"text_input\" name=\"name\" type=\"text\" value=\"Ad\u0131n\u0131z ve Soy Ad\u0131n\u0131z *\" placeholder=\"Ad\u0131n\u0131z ve Soy Ad\u0131n\u0131z *\" data-default=\"Ad\u0131n\u0131z ve Soy Ad\u0131n\u0131z *\" data-required=\"1\">\r\n\t\t\t\t<\/div>\r\n\t\t\t\t<div class=\"block\">\r\n\t\t\t\t\t<input class=\"text_input\" name=\"email\" type=\"text\" value=\"Email *\" placeholder=\"Email *\" data-default=\"Email *\" data-required=\"1\">\r\n\t\t\t\t<\/div>\r\n\t\t\t\t<div class=\"block\">\r\n\t\t\t\t\t<input class=\"text_input\" name=\"phone\" type=\"text\" value=\"Telefon *\" placeholder=\"Telefon *\" data-default=\"Telefon *\" data-required=\"1\">\r\n\t\t\t\t<\/div>\r\n\t\t\t<\/fieldset>\r\n\t\t\t<fieldset class=\"vc_col-sm-6 wpb_column vc_column_container\">\r\n\t\t\t\t<div class=\"block\">\r\n\t\t\t\t\t<textarea class=\"margin_top_10\" name=\"message\" placeholder=\"Mesaj\u0131n\u0131z \u0130ste\u011fe Ba\u011fl\u0131\" data-default=\"Mesaj\u0131n\u0131z \u0130ste\u011fe Ba\u011fl\u0131\">Mesaj\u0131n\u0131z \u0130ste\u011fe Ba\u011fl\u0131<\/textarea>\r\n\t\t\t\t<\/div>\r\n\t\t\t<\/fieldset>\r\n\t\t<\/div>\r\n\t\t<div class=\"vc_row wpb_row vc_inner submit-container margin-top-30\"><input type=\"hidden\" name=\"action\" value=\"theme_contact_form\">\r\n\t\t\t\t<input type=\"hidden\" name=\"id\" value=\"contact_form\"><div class=\"vc_row wpb_row vc_inner margin-top-20 padding-bottom-20\">\r\n\t\t\t\t\t<a class=\"more submit-contact-form\" href=\"#\" title=\"G\u00d6NDER\"><span>G\u00d6NDER<\/span><\/a>\r\n\t\t\t\t<\/div><\/div>\r\n\t<\/form>[\/vc_column][\/vc_row]<\/p>\n","protected":false},"excerpt":{"rendered":"<p>[vc_row][vc_column][vc_column_text]Y\u00fcksek Bas\u0131n\u00e7 Poli\u00fcretan D\u00f6k\u00fcm Makinas\u0131 g\u00fcn\u00fcm\u00fczde biz \u00e7o\u011funun fark\u0131nda olmasak da hayat\u0131m\u0131z\u0131n her alan\u0131nda mevcuttur. Buzdolaplar\u0131n\u0131n i\u00e7inde ve sandvi\u00e7 panellerin aras\u0131nda yal\u0131t\u0131m ama\u00e7l\u0131 olarak, mobilyalarda s\u00fcnger formunda, otomotiv sekt\u00f6r\u00fcnde yedek par\u00e7alarda ve daha bir\u00e7ok yerde poli\u00fcretana rastlamak m\u00fcmk\u00fcnd\u00fcr. Y\u00fcksek Bas\u0131n\u00e7 Poli\u00fcretan D\u00f6k\u00fcm Makinas\u0131 Fiyatlar\u0131 DMMET GROUP olarak hedefimiz m\u00fc\u015fterilerimizin bu ihtiya\u00e7lar\u0131n\u0131 son derece yenilik\u00e7i ve<\/p>\n","protected":false},"author":1,"featured_media":0,"parent":0,"menu_order":0,"comment_status":"closed","ping_status":"closed","template":"","meta":{"footnotes":""},"class_list":["post-1994","page","type-page","status-publish","hentry"],"_links":{"self":[{"href":"https:\/\/www.polyurethanefoammachine.com\/tr\/wp-json\/wp\/v2\/pages\/1994","targetHints":{"allow":["GET"]}}],"collection":[{"href":"https:\/\/www.polyurethanefoammachine.com\/tr\/wp-json\/wp\/v2\/pages"}],"about":[{"href":"https:\/\/www.polyurethanefoammachine.com\/tr\/wp-json\/wp\/v2\/types\/page"}],"author":[{"embeddable":true,"href":"https:\/\/www.polyurethanefoammachine.com\/tr\/wp-json\/wp\/v2\/users\/1"}],"replies":[{"embeddable":true,"href":"https:\/\/www.polyurethanefoammachine.com\/tr\/wp-json\/wp\/v2\/comments?post=1994"}],"version-history":[{"count":4,"href":"https:\/\/www.polyurethanefoammachine.com\/tr\/wp-json\/wp\/v2\/pages\/1994\/revisions"}],"predecessor-version":[{"id":2013,"href":"https:\/\/www.polyurethanefoammachine.com\/tr\/wp-json\/wp\/v2\/pages\/1994\/revisions\/2013"}],"wp:attachment":[{"href":"https:\/\/www.polyurethanefoammachine.com\/tr\/wp-json\/wp\/v2\/media?parent=1994"}],"curies":[{"name":"wp","href":"https:\/\/api.w.org\/{rel}","templated":true}]}}