{"id":1998,"date":"2021-12-20T13:48:01","date_gmt":"2021-12-20T10:48:01","guid":{"rendered":"https:\/\/polyurethanefoammachine.com\/tr\/?page_id=1998"},"modified":"2021-12-20T13:49:02","modified_gmt":"2021-12-20T10:49:02","slug":"alcak-basinc-poliuretan-makinesi","status":"publish","type":"page","link":"https:\/\/www.polyurethanefoammachine.com\/tr\/alcak-basinc-poliuretan-makinesi\/","title":{"rendered":"Al\u00e7ak Bas\u0131n\u00e7 Poli\u00fcretan Makinesi"},"content":{"rendered":"<p>[vc_row][vc_column][vc_column_text]Al\u00e7ak bas\u0131n\u00e7 poli\u00fcretan makinesi y\u00fcksek bas\u0131n\u00e7 poli\u00fcretan makineleri ile k\u0131yasland\u0131\u011f\u0131nda daha geleneksel bir y\u00f6ntem olarak kalmaktad\u0131r. Baz\u0131 proseslerde kimyasal\u0131n uzun s\u00fcreli kar\u0131\u015ft\u0131r\u0131lmas\u0131 gerekmektedir veya baz\u0131 kimyasallar y\u00fcksek bas\u0131n\u00e7 i\u00e7in uygun olmayabilir. Bu durumlarda al\u00e7ak bas\u0131n\u00e7 kar\u0131\u015ft\u0131rma kafalar\u0131 ile al\u00e7ak bas\u0131n\u00e7 poli\u00fcretan makineleri tercih edilmektedir.[\/vc_column_text][\/vc_column][\/vc_row][vc_row][vc_column]<form class=\"contact-form \" id=\"contact_form\" method=\"post\" action=\"#\">\r\n\t\t<div class=\"vc_row wpb_row vc_inner\">\r\n\t\t\t<fieldset class=\"vc_col-sm-6 wpb_column vc_column_container\">\r\n\t\t\t\t<div class=\"block\">\r\n\t\t\t\t\t<input class=\"text_input\" name=\"name\" type=\"text\" value=\"Ad\u0131n\u0131z ve Soy Ad\u0131n\u0131z *\" placeholder=\"Ad\u0131n\u0131z ve Soy Ad\u0131n\u0131z *\" data-default=\"Ad\u0131n\u0131z ve Soy Ad\u0131n\u0131z *\" data-required=\"1\">\r\n\t\t\t\t<\/div>\r\n\t\t\t\t<div class=\"block\">\r\n\t\t\t\t\t<input class=\"text_input\" name=\"email\" type=\"text\" value=\"Email *\" placeholder=\"Email *\" data-default=\"Email *\" data-required=\"1\">\r\n\t\t\t\t<\/div>\r\n\t\t\t\t<div class=\"block\">\r\n\t\t\t\t\t<input class=\"text_input\" name=\"phone\" type=\"text\" value=\"Telefon *\" placeholder=\"Telefon *\" data-default=\"Telefon *\" data-required=\"1\">\r\n\t\t\t\t<\/div>\r\n\t\t\t<\/fieldset>\r\n\t\t\t<fieldset class=\"vc_col-sm-6 wpb_column vc_column_container\">\r\n\t\t\t\t<div class=\"block\">\r\n\t\t\t\t\t<textarea class=\"margin_top_10\" name=\"message\" placeholder=\"Mesaj\u0131n\u0131z \u0130ste\u011fe Ba\u011fl\u0131\" data-default=\"Mesaj\u0131n\u0131z \u0130ste\u011fe Ba\u011fl\u0131\">Mesaj\u0131n\u0131z \u0130ste\u011fe Ba\u011fl\u0131<\/textarea>\r\n\t\t\t\t<\/div>\r\n\t\t\t<\/fieldset>\r\n\t\t<\/div>\r\n\t\t<div class=\"vc_row wpb_row vc_inner submit-container margin-top-30\"><input type=\"hidden\" name=\"action\" value=\"theme_contact_form\">\r\n\t\t\t\t<input type=\"hidden\" name=\"id\" value=\"contact_form\"><div class=\"vc_row wpb_row vc_inner margin-top-20 padding-bottom-20\">\r\n\t\t\t\t\t<a class=\"more submit-contact-form\" href=\"#\" title=\"G\u00d6NDER\"><span>G\u00d6NDER<\/span><\/a>\r\n\t\t\t\t<\/div><\/div>\r\n\t<\/form>[\/vc_column][\/vc_row]<\/p>\n","protected":false},"excerpt":{"rendered":"<p>[vc_row][vc_column][vc_column_text]Al\u00e7ak bas\u0131n\u00e7 poli\u00fcretan makinesi y\u00fcksek bas\u0131n\u00e7 poli\u00fcretan makineleri ile k\u0131yasland\u0131\u011f\u0131nda daha geleneksel bir y\u00f6ntem olarak kalmaktad\u0131r. Baz\u0131 proseslerde kimyasal\u0131n uzun s\u00fcreli kar\u0131\u015ft\u0131r\u0131lmas\u0131 gerekmektedir veya baz\u0131 kimyasallar y\u00fcksek bas\u0131n\u00e7 i\u00e7in uygun olmayabilir. Bu durumlarda al\u00e7ak bas\u0131n\u00e7 kar\u0131\u015ft\u0131rma kafalar\u0131 ile al\u00e7ak bas\u0131n\u00e7 poli\u00fcretan makineleri tercih edilmektedir.[\/vc_column_text][\/vc_column][\/vc_row][vc_row][vc_column][\/vc_column][\/vc_row]<\/p>\n","protected":false},"author":1,"featured_media":0,"parent":0,"menu_order":0,"comment_status":"closed","ping_status":"closed","template":"","meta":{"footnotes":""},"class_list":["post-1998","page","type-page","status-publish","hentry"],"_links":{"self":[{"href":"https:\/\/www.polyurethanefoammachine.com\/tr\/wp-json\/wp\/v2\/pages\/1998","targetHints":{"allow":["GET"]}}],"collection":[{"href":"https:\/\/www.polyurethanefoammachine.com\/tr\/wp-json\/wp\/v2\/pages"}],"about":[{"href":"https:\/\/www.polyurethanefoammachine.com\/tr\/wp-json\/wp\/v2\/types\/page"}],"author":[{"embeddable":true,"href":"https:\/\/www.polyurethanefoammachine.com\/tr\/wp-json\/wp\/v2\/users\/1"}],"replies":[{"embeddable":true,"href":"https:\/\/www.polyurethanefoammachine.com\/tr\/wp-json\/wp\/v2\/comments?post=1998"}],"version-history":[{"count":4,"href":"https:\/\/www.polyurethanefoammachine.com\/tr\/wp-json\/wp\/v2\/pages\/1998\/revisions"}],"predecessor-version":[{"id":2002,"href":"https:\/\/www.polyurethanefoammachine.com\/tr\/wp-json\/wp\/v2\/pages\/1998\/revisions\/2002"}],"wp:attachment":[{"href":"https:\/\/www.polyurethanefoammachine.com\/tr\/wp-json\/wp\/v2\/media?parent=1998"}],"curies":[{"name":"wp","href":"https:\/\/api.w.org\/{rel}","templated":true}]}}