{"id":2003,"date":"2021-12-20T13:57:46","date_gmt":"2021-12-20T10:57:46","guid":{"rendered":"https:\/\/polyurethanefoammachine.com\/tr\/?page_id=2003"},"modified":"2021-12-20T13:57:46","modified_gmt":"2021-12-20T10:57:46","slug":"poliuretan-filtresi","status":"publish","type":"page","link":"https:\/\/www.polyurethanefoammachine.com\/tr\/poliuretan-filtresi\/","title":{"rendered":"Poli\u00fcretan Filtresi"},"content":{"rendered":"<p>[vc_row][vc_column][vc_column_text]<strong>Poli\u00fcretan Filtresi<\/strong> Y\u00fcksek bas\u0131n\u00e7 poli\u00fcretan makinelerinde kendi \u00fcretimimiz olan kendi kendini temizleyen b\u0131\u00e7akl\u0131 poli\u00fcretan filtresi kullanmaktay\u0131z. Bu poli\u00fcretan filtresi ayr\u0131 ayr\u0131 i\u00e7erisinden ge\u00e7en izosiyanat ve polyol kimyasallar\u0131 i\u00e7erisinde bulunan partik\u00fclleri tutmaktad\u0131r ve b\u00f6ylece p\u00fcr\u00fczs\u00fcz bir poli\u00fcretan \u00fcretimi i\u00e7in imkan sa\u011flamaktad\u0131r. Makinenin sorunsuz bir \u015fekilde \u00e7al\u0131\u015fabilmesi i\u00e7in bu poli\u00fcretan filtresini \u00e7al\u0131\u015fma yo\u011funlu\u011funa g\u00f6re belirli periyotlarda \u00fczerinde bulunan handle kolunu \u00e7evirdikten sonra filtrede tutulan partik\u00fclleri a\u015fa\u011f\u0131s\u0131ndaki vanay\u0131 a\u00e7\u0131p bo\u015faltabilirsiniz.[\/vc_column_text][\/vc_column][\/vc_row][vc_row][vc_column]<form class=\"contact-form \" id=\"contact_form\" method=\"post\" action=\"#\">\r\n\t\t<div class=\"vc_row wpb_row vc_inner\">\r\n\t\t\t<fieldset class=\"vc_col-sm-6 wpb_column vc_column_container\">\r\n\t\t\t\t<div class=\"block\">\r\n\t\t\t\t\t<input class=\"text_input\" name=\"name\" type=\"text\" value=\"Ad\u0131n\u0131z ve Soy Ad\u0131n\u0131z *\" placeholder=\"Ad\u0131n\u0131z ve Soy Ad\u0131n\u0131z *\" data-default=\"Ad\u0131n\u0131z ve Soy Ad\u0131n\u0131z *\" data-required=\"1\">\r\n\t\t\t\t<\/div>\r\n\t\t\t\t<div class=\"block\">\r\n\t\t\t\t\t<input class=\"text_input\" name=\"email\" type=\"text\" value=\"Email *\" placeholder=\"Email *\" data-default=\"Email *\" data-required=\"1\">\r\n\t\t\t\t<\/div>\r\n\t\t\t\t<div class=\"block\">\r\n\t\t\t\t\t<input class=\"text_input\" name=\"phone\" type=\"text\" value=\"Telefon *\" placeholder=\"Telefon *\" data-default=\"Telefon *\" data-required=\"1\">\r\n\t\t\t\t<\/div>\r\n\t\t\t<\/fieldset>\r\n\t\t\t<fieldset class=\"vc_col-sm-6 wpb_column vc_column_container\">\r\n\t\t\t\t<div class=\"block\">\r\n\t\t\t\t\t<textarea class=\"margin_top_10\" name=\"message\" placeholder=\"Mesaj\u0131n\u0131z \u0130ste\u011fe Ba\u011fl\u0131\" data-default=\"Mesaj\u0131n\u0131z \u0130ste\u011fe Ba\u011fl\u0131\">Mesaj\u0131n\u0131z \u0130ste\u011fe Ba\u011fl\u0131<\/textarea>\r\n\t\t\t\t<\/div>\r\n\t\t\t<\/fieldset>\r\n\t\t<\/div>\r\n\t\t<div class=\"vc_row wpb_row vc_inner submit-container margin-top-30\"><input type=\"hidden\" name=\"action\" value=\"theme_contact_form\">\r\n\t\t\t\t<input type=\"hidden\" name=\"id\" value=\"contact_form\"><div class=\"vc_row wpb_row vc_inner margin-top-20 padding-bottom-20\">\r\n\t\t\t\t\t<a class=\"more submit-contact-form\" href=\"#\" title=\"G\u00d6NDER\"><span>G\u00d6NDER<\/span><\/a>\r\n\t\t\t\t<\/div><\/div>\r\n\t<\/form>[\/vc_column][\/vc_row]<\/p>\n","protected":false},"excerpt":{"rendered":"<p>[vc_row][vc_column][vc_column_text]Poli\u00fcretan Filtresi Y\u00fcksek bas\u0131n\u00e7 poli\u00fcretan makinelerinde kendi \u00fcretimimiz olan kendi kendini temizleyen b\u0131\u00e7akl\u0131 poli\u00fcretan filtresi kullanmaktay\u0131z. Bu poli\u00fcretan filtresi ayr\u0131 ayr\u0131 i\u00e7erisinden ge\u00e7en izosiyanat ve polyol kimyasallar\u0131 i\u00e7erisinde bulunan partik\u00fclleri tutmaktad\u0131r ve b\u00f6ylece p\u00fcr\u00fczs\u00fcz bir poli\u00fcretan \u00fcretimi i\u00e7in imkan sa\u011flamaktad\u0131r. Makinenin sorunsuz bir \u015fekilde \u00e7al\u0131\u015fabilmesi i\u00e7in bu poli\u00fcretan filtresini \u00e7al\u0131\u015fma yo\u011funlu\u011funa g\u00f6re belirli periyotlarda \u00fczerinde<\/p>\n","protected":false},"author":1,"featured_media":0,"parent":0,"menu_order":0,"comment_status":"closed","ping_status":"closed","template":"","meta":{"footnotes":""},"class_list":["post-2003","page","type-page","status-publish","hentry"],"_links":{"self":[{"href":"https:\/\/www.polyurethanefoammachine.com\/tr\/wp-json\/wp\/v2\/pages\/2003","targetHints":{"allow":["GET"]}}],"collection":[{"href":"https:\/\/www.polyurethanefoammachine.com\/tr\/wp-json\/wp\/v2\/pages"}],"about":[{"href":"https:\/\/www.polyurethanefoammachine.com\/tr\/wp-json\/wp\/v2\/types\/page"}],"author":[{"embeddable":true,"href":"https:\/\/www.polyurethanefoammachine.com\/tr\/wp-json\/wp\/v2\/users\/1"}],"replies":[{"embeddable":true,"href":"https:\/\/www.polyurethanefoammachine.com\/tr\/wp-json\/wp\/v2\/comments?post=2003"}],"version-history":[{"count":2,"href":"https:\/\/www.polyurethanefoammachine.com\/tr\/wp-json\/wp\/v2\/pages\/2003\/revisions"}],"predecessor-version":[{"id":2005,"href":"https:\/\/www.polyurethanefoammachine.com\/tr\/wp-json\/wp\/v2\/pages\/2003\/revisions\/2005"}],"wp:attachment":[{"href":"https:\/\/www.polyurethanefoammachine.com\/tr\/wp-json\/wp\/v2\/media?parent=2003"}],"curies":[{"name":"wp","href":"https:\/\/api.w.org\/{rel}","templated":true}]}}