{"id":203,"date":"2015-05-25T12:55:10","date_gmt":"2015-05-25T12:55:10","guid":{"rendered":"http:\/\/quanticalabs.com\/wptest\/carservice\/?page_id=203"},"modified":"2021-11-19T12:38:40","modified_gmt":"2021-11-19T09:38:40","slug":"hakkimizda","status":"publish","type":"page","link":"https:\/\/www.polyurethanefoammachine.com\/tr\/hakkimizda\/","title":{"rendered":"HAKKIMIZDA"},"content":{"rendered":"<p>[vc_row el_class=&#8221;margin-top-70&#8243;][vc_column width=&#8221;1\/2&#8243;][vc_column_text el_class=&#8221;description margin-top-0&#8243;]Dmmet Group 1995 y\u0131l\u0131nda Trapez Sac \u00fcretim hatt\u0131, Levha Boy Kesme \u00fcretim hatt\u0131, Metal Kiremit hatt\u0131 ile ba\u015flayan yolculu\u011funa daha sonra ki y\u0131llar PUR-PIR Sandwich Panel hatt\u0131 ve bug\u00fcnlerde Poli\u00fcretan Y\u00fcksek Bas\u0131n\u00e7 Poli\u00fcretan Makinesi ile hala ilk g\u00fcn\u00fcn heyecan\u0131, co\u015fkusu ve kararl\u0131l\u0131\u011f\u0131yla devam etmektedir. Yolculu\u011fa ba\u015flad\u0131\u011f\u0131m\u0131z ilk g\u00fcnden itibaren, m\u00fc\u015fterilerimize en iyi hizmeti ve \u00fcr\u00fcnleri sunabilmek i\u00e7in payda\u015flar\u0131m\u0131zla birlikte \u00e7ok \u00e7al\u0131\u015f\u0131yoruz.[\/vc_column_text][vc_column_text]M\u00fc\u015fteri memnuniyetini benimseyerek, her zaman \u00e7\u00f6z\u00fcm orta\u011f\u0131 gibi sorunlara yakla\u015ft\u0131k. M\u00fc\u015fterilerimizin sorunlar\u0131n\u0131 en uygun \u015fekilde \u00e7\u00f6zmek ve m\u00fc\u015fterilerimize en iyi hizmeti vermek i\u00e7in her zaman en iyisini arayarak \u00e7al\u0131\u015fmalar\u0131m\u0131za devam ediyoruz.[\/vc_column_text][vc_column_text]20 y\u0131l\u0131 a\u015fan yolculu\u011fumuz boyunca ve gelecekte de m\u00fc\u015fterilerimize, \u00e7al\u0131\u015fanlar\u0131m\u0131za, sekt\u00f6r\u00fcm\u00fcze ve topluma katma de\u011fer sa\u011flamaya devam edece\u011fimize s\u00f6z veriyoruz. M\u00fc\u015fterilerimize, \u00e7al\u0131\u015fanlar\u0131m\u0131za ve i\u015f ortaklar\u0131m\u0131za bizimle y\u00fcr\u00fcmeye devam ettikleri i\u00e7in te\u015fekk\u00fcr ediyoruz.[\/vc_column_text]<h4 class=\" box-header margin-top-40\">\u00dcR\u00dcNLER<\/h4><ul class=\"list margin-top-30\"><li class=\"template-bullet \"><span>PU &#8211; PIR Sandvi\u00e7 Panel \u00dcretim Hatt\u0131<\/span><\/li><li class=\"template-bullet \"><span>Trapez Sac \u00dcretim Hatt\u0131<\/span><\/li><li class=\"template-bullet \"><span>Metal Kiremit \u00dcretim Hatt\u0131<\/span><\/li><li class=\"template-bullet \"><span>Levha Boy Kesme \u00dcretim Hatt\u0131<\/span><\/li><li class=\"template-bullet \"><span>U-C \u00c7at\u0131 S\u0131rt Kiri\u015fi Makinas\u0131<\/span><\/li><li class=\"template-bullet \"><span>Y\u00fcksek Bas\u0131n\u00e7 Poli\u00fcretan D\u00f6k\u00fcm Makinas\u0131<\/span><\/li><li class=\"template-bullet \"><span>Tek Kat \u0130zolasyonlu Poli\u00fcretan Panel Makinas\u0131<\/span><\/li><li class=\"template-bullet \"><span>So\u011fuk Oda Panel \u00dcretim Hatt\u0131<\/span><\/li><\/ul>[vc_row_inner top_margin=&#8221;page-margin-top&#8221;][vc_column_inner]<a class=\"more\" href=\"#\" title=\"\u00dcR\u00dcNLER\"><span>\u00dcR\u00dcNLER<\/span><\/a>[\/vc_column_inner][\/vc_row_inner][\/vc_column][vc_column width=&#8221;1\/2&#8243;][vc_single_image image=&#8221;1654&#8243; img_size=&#8221;gallery-thumb&#8221; onclick=&#8221;img_link_large&#8221; el_class=&#8221;cs-lightbox&#8221;][vc_row_inner el_class=&#8221;margin-top-30&#8243;][vc_column_inner width=&#8221;1\/2&#8243;][vc_single_image image=&#8221;1655&#8243; img_size=&#8221;medium-thumb&#8221; onclick=&#8221;img_link_large&#8221; el_class=&#8221;cs-lightbox&#8221;][\/vc_column_inner][vc_column_inner width=&#8221;1\/2&#8243;][vc_single_image image=&#8221;1656&#8243; img_size=&#8221;medium-thumb&#8221; onclick=&#8221;img_link_large&#8221; el_class=&#8221;cs-lightbox&#8221;][\/vc_column_inner][\/vc_row_inner][\/vc_column][\/vc_row][vc_row type=&#8221;full-width&#8221; top_margin=&#8221;page-margin-top-section&#8221; el_class=&#8221;padding-top-70 page-padding-top padding-bottom-66&#8243; css=&#8221;.vc_custom_1440581335043{background-color: #f5f5f5 !important;}&#8221;][vc_column][vc_row_inner][vc_column_inner el_class=&#8221;align-center&#8221; width=&#8221;1\/4&#8243;]<div class=\"feature-item with-counter\"><span class=\"number animated-element\" data-value=\"100\"><\/span><span class=\"number sign\">%<\/span><h5>MUTLU M\u00dc\u015eTER\u0130<\/h5><\/div>[\/vc_column_inner][vc_column_inner el_class=&#8221;align-center&#8221; width=&#8221;1\/4&#8243;]<div class=\"feature-item with-counter\"><span class=\"number animated-element\" data-value=\"62\"><\/span><h5>\u0130HRACAT<\/h5><\/div>[\/vc_column_inner][vc_column_inner el_class=&#8221;align-center&#8221; width=&#8221;1\/4&#8243;]<div class=\"feature-item with-counter\"><span class=\"number animated-element\" data-value=\"54\"><\/span><h5>\u0130THALAT<\/h5><\/div>[\/vc_column_inner][vc_column_inner el_class=&#8221;align-center&#8221; width=&#8221;1\/4&#8243;]<div class=\"feature-item with-counter\"><span class=\"number animated-element\" data-value=\"250\"><\/span><h5>PERSONEL<\/h5><\/div>[\/vc_column_inner][\/vc_row_inner][\/vc_column][\/vc_row][vc_row type=&#8221;full-width cs-parallax&#8221; css=&#8221;.vc_custom_1637151765804{background-image: url(http:\/\/polyurethanefoammachine.com\/tr\/wp-content\/uploads\/2021\/11\/polyurethanefoammachine2.jpg?id=1680) !important;}&#8221; el_class=&#8221;padding-top-70 padding-bottom-66&#8243;][vc_column][vc_column_text css=&#8221;.vc_custom_1637151896911{padding-top: 100px !important;padding-right: 100px !important;padding-bottom: 100px !important;padding-left: 100px !important;}&#8221;]<\/p>\n<h2 style=\"text-align: center;\">\u201cDmmet, kalite \/ fiyat \/ hizmet a\u00e7\u0131s\u0131ndan en iyi \u00fcr\u00fcn\u00fc \u00fcretme hevesimizle son zamanlarda d\u00fcnyan\u0131n en \u00e7ok satanlar\u0131ndan biri haline geldi\u201d<\/h2>\n<p>[\/vc_column_text][\/vc_column][\/vc_row][vc_row top_margin=&#8221;page-margin-top-section&#8221; el_class=&#8221;padding-bottom-66&#8243;][vc_column]<h2 class=\" box-header\">GENEL BAKI\u015e<\/h2>[vc_column_text el_class=&#8221;description align-center&#8221;]Dmmet Group 1995 y\u0131l\u0131nda Trapez Sac \u00fcretim hatt\u0131, Levha Boy Kesme \u00fcretim hatt\u0131, Metal Kiremit hatt\u0131 ile ba\u015flayan yolculu\u011funa daha sonra ki y\u0131llar PUR-PIR Sandwich Panel hatt\u0131 ve bug\u00fcnlerde Poli\u00fcretan Y\u00fcksek Bas\u0131n\u00e7 Poli\u00fcretan Makinesi ile hala ilk g\u00fcn\u00fcn heyecan\u0131, co\u015fkusu ve kararl\u0131l\u0131\u011f\u0131yla devam etmektedir. Yolculu\u011fa ba\u015flad\u0131\u011f\u0131m\u0131z ilk g\u00fcnden itibaren, m\u00fc\u015fterilerimize en iyi hizmeti ve \u00fcr\u00fcnleri sunabilmek i\u00e7in payda\u015flar\u0131m\u0131zla birlikte \u00e7ok \u00e7al\u0131\u015f\u0131yoruz.[\/vc_column_text][\/vc_column][\/vc_row][vc_row type=&#8221;full-width&#8221; el_class=&#8221;padding-top-54 padding-bottom-61 align-center&#8221; css=&#8221;.vc_custom_1440583950492{background-color: #f5f5f5 !important;}&#8221;][vc_column]<h3><span class=\"button-label\">\u00dcR\u00dcNLER\u0130M\u0130ZE B\u0130R G\u00d6Z ATIN...<\/span><a class=\"more\" href=\"#\" target=\"_blank\" title=\"G\u0130T\"><span>G\u0130T<\/span><\/a><\/h3>[\/vc_column][\/vc_row]<\/p>\n","protected":false},"excerpt":{"rendered":"<p>[vc_row el_class=&#8221;margin-top-70&#8243;][vc_column width=&#8221;1\/2&#8243;][vc_column_text el_class=&#8221;description margin-top-0&#8243;]Dmmet Group 1995 y\u0131l\u0131nda Trapez Sac \u00fcretim hatt\u0131, Levha Boy Kesme \u00fcretim hatt\u0131, Metal Kiremit hatt\u0131 ile ba\u015flayan yolculu\u011funa daha sonra ki y\u0131llar PUR-PIR Sandwich Panel hatt\u0131 ve bug\u00fcnlerde Poli\u00fcretan Y\u00fcksek Bas\u0131n\u00e7 Poli\u00fcretan Makinesi ile hala ilk g\u00fcn\u00fcn heyecan\u0131, co\u015fkusu ve kararl\u0131l\u0131\u011f\u0131yla devam etmektedir. Yolculu\u011fa ba\u015flad\u0131\u011f\u0131m\u0131z ilk g\u00fcnden itibaren, m\u00fc\u015fterilerimize en<\/p>\n","protected":false},"author":1,"featured_media":0,"parent":0,"menu_order":0,"comment_status":"closed","ping_status":"open","template":"","meta":{"footnotes":""},"class_list":["post-203","page","type-page","status-publish","hentry"],"_links":{"self":[{"href":"https:\/\/www.polyurethanefoammachine.com\/tr\/wp-json\/wp\/v2\/pages\/203","targetHints":{"allow":["GET"]}}],"collection":[{"href":"https:\/\/www.polyurethanefoammachine.com\/tr\/wp-json\/wp\/v2\/pages"}],"about":[{"href":"https:\/\/www.polyurethanefoammachine.com\/tr\/wp-json\/wp\/v2\/types\/page"}],"author":[{"embeddable":true,"href":"https:\/\/www.polyurethanefoammachine.com\/tr\/wp-json\/wp\/v2\/users\/1"}],"replies":[{"embeddable":true,"href":"https:\/\/www.polyurethanefoammachine.com\/tr\/wp-json\/wp\/v2\/comments?post=203"}],"version-history":[{"count":12,"href":"https:\/\/www.polyurethanefoammachine.com\/tr\/wp-json\/wp\/v2\/pages\/203\/revisions"}],"predecessor-version":[{"id":1750,"href":"https:\/\/www.polyurethanefoammachine.com\/tr\/wp-json\/wp\/v2\/pages\/203\/revisions\/1750"}],"wp:attachment":[{"href":"https:\/\/www.polyurethanefoammachine.com\/tr\/wp-json\/wp\/v2\/media?parent=203"}],"curies":[{"name":"wp","href":"https:\/\/api.w.org\/{rel}","templated":true}]}}