{"id":290,"date":"2015-05-28T12:12:54","date_gmt":"2015-05-28T12:12:54","guid":{"rendered":"http:\/\/quanticalabs.com\/wptest\/carservice\/?page_id=290"},"modified":"2021-11-18T10:45:08","modified_gmt":"2021-11-18T07:45:08","slug":"blog-2-columns","status":"publish","type":"page","link":"https:\/\/www.polyurethanefoammachine.com\/tr\/blog-2-columns\/","title":{"rendered":"Haberler"},"content":{"rendered":"<p>[vc_row][vc_column]<div class=\"vc_row wpb_row vc_row-fluid layout-row margin-top-70\"><ul class=\"blog two-columns clearfix\"><li class=\"vc_col-sm-6 wpb_column vc_column_container post post-1950 type-post status-publish format-standard has-post-thumbnail hentry category-genel\"><a class=\"post-image\" href=\"https:\/\/www.polyurethanefoammachine.com\/tr\/putech-eurasia-202\/\" title=\"PUTECH Eurasia kat\u0131l\u0131mlar\u0131n\u0131zdan dolay\u0131 te\u015fekk\u00fcr ediyoruz&#8230;\"><img loading=\"lazy\" decoding=\"async\" width=\"870\" height=\"580\" src=\"https:\/\/www.polyurethanefoammachine.com\/tr\/wp-content\/uploads\/2021\/11\/4107a1f7-9e95-465d-ad3f-b5dfcfea0d91-870x580.jpg\" class=\"attachment-blog-post-thumb size-blog-post-thumb wp-post-image\" alt=\"PUTECH Eurasia kat\u0131l\u0131mlar\u0131n\u0131zdan dolay\u0131 te\u015fekk\u00fcr ediyoruz&#8230;\" title=\"\" srcset=\"https:\/\/www.polyurethanefoammachine.com\/tr\/wp-content\/uploads\/2021\/11\/4107a1f7-9e95-465d-ad3f-b5dfcfea0d91-870x580.jpg 870w, https:\/\/www.polyurethanefoammachine.com\/tr\/wp-content\/uploads\/2021\/11\/4107a1f7-9e95-465d-ad3f-b5dfcfea0d91-570x380.jpg 570w, https:\/\/www.polyurethanefoammachine.com\/tr\/wp-content\/uploads\/2021\/11\/4107a1f7-9e95-465d-ad3f-b5dfcfea0d91-480x320.jpg 480w, https:\/\/www.polyurethanefoammachine.com\/tr\/wp-content\/uploads\/2021\/11\/4107a1f7-9e95-465d-ad3f-b5dfcfea0d91-390x260.jpg 390w, https:\/\/www.polyurethanefoammachine.com\/tr\/wp-content\/uploads\/2021\/11\/4107a1f7-9e95-465d-ad3f-b5dfcfea0d91-270x180.jpg 270w\" sizes=\"auto, (max-width: 870px) 100vw, 870px\" \/><\/a><div class=\"post-content-details-container clearfix\"><ul class=\"post-content-details margin-right-20\"><li>30 Kas\u0131m 2021<\/li><li>In <a class=\"category-1\" href=\"https:\/\/www.polyurethanefoammachine.com\/tr\/genel\/\" title=\"View all posts filed under Genel\">Genel<\/a><\/li><\/ul><ul class=\"post-content-details right\"><li class=\"template-eye\">203<\/li><\/ul><\/div><h3 class=\"box-header align-left\"><a href=\"https:\/\/www.polyurethanefoammachine.com\/tr\/putech-eurasia-202\/\" title=\"PUTECH Eurasia kat\u0131l\u0131mlar\u0131n\u0131zdan dolay\u0131 te\u015fekk\u00fcr ediyoruz&#8230;\">PUTECH Eurasia kat\u0131l\u0131mlar\u0131n\u0131zdan dolay\u0131 te\u015fekk\u00fcr ediyoruz&#8230;<\/a><\/h3><p>\u0130stanbul Fuar Merkezi&#8217;nde 25-27 Kas\u0131m 2021 tarihleri aras\u0131nda ger\u00e7ekle\u015fen PUTECH Eurasia Fuar\u0131&#8217;na ziyaret\u00e7ilerimizin yo\u011fun ilgilerinden dolay\u0131 te\u015fekk\u00fcr ederiz.<\/p>\n<div class=\"vc_row wpb_row vc_row-fluid padding-top-54 padding-bottom-20\"><a title=\"READ MORE\" href=\"https:\/\/www.polyurethanefoammachine.com\/tr\/putech-eurasia-202\/\" class=\"more\"><span>READ MORE<\/span><\/a><\/div><\/li><li class=\"vc_col-sm-6 wpb_column vc_column_container post post-1876 type-post status-publish format-standard has-post-thumbnail hentry category-genel\"><a class=\"post-image\" href=\"https:\/\/www.polyurethanefoammachine.com\/tr\/putech-eurasia\/\" title=\"PUTECH EURASIA\"><img loading=\"lazy\" decoding=\"async\" width=\"870\" height=\"580\" src=\"https:\/\/www.polyurethanefoammachine.com\/tr\/wp-content\/uploads\/2021\/11\/putech-870x580.jpg\" class=\"attachment-blog-post-thumb size-blog-post-thumb wp-post-image\" alt=\"PUTECH EURASIA\" title=\"\" srcset=\"https:\/\/www.polyurethanefoammachine.com\/tr\/wp-content\/uploads\/2021\/11\/putech-870x580.jpg 870w, https:\/\/www.polyurethanefoammachine.com\/tr\/wp-content\/uploads\/2021\/11\/putech-570x380.jpg 570w, https:\/\/www.polyurethanefoammachine.com\/tr\/wp-content\/uploads\/2021\/11\/putech-480x320.jpg 480w, https:\/\/www.polyurethanefoammachine.com\/tr\/wp-content\/uploads\/2021\/11\/putech-390x260.jpg 390w, https:\/\/www.polyurethanefoammachine.com\/tr\/wp-content\/uploads\/2021\/11\/putech-270x180.jpg 270w\" sizes=\"auto, (max-width: 870px) 100vw, 870px\" \/><\/a><div class=\"post-content-details-container clearfix\"><ul class=\"post-content-details margin-right-20\"><li>18 Kas\u0131m 2021<\/li><li>In <a class=\"category-1\" href=\"https:\/\/www.polyurethanefoammachine.com\/tr\/genel\/\" title=\"View all posts filed under Genel\">Genel<\/a><\/li><\/ul><ul class=\"post-content-details right\"><li class=\"template-eye\">197<\/li><\/ul><\/div><h3 class=\"box-header align-left\"><a href=\"https:\/\/www.polyurethanefoammachine.com\/tr\/putech-eurasia\/\" title=\"PUTECH EURASIA\">PUTECH EURASIA<\/a><\/h3><p>25-27 Kas\u0131m 2021 Putech Fuar\u0131nday\u0131z. Siz de\u011ferli m\u00fc\u015fterilerimizi bekliyoruz. Salon : 6 \/ C210<\/p>\n<div class=\"vc_row wpb_row vc_row-fluid padding-top-54 padding-bottom-20\"><a title=\"READ MORE\" href=\"https:\/\/www.polyurethanefoammachine.com\/tr\/putech-eurasia\/\" class=\"more\"><span>READ MORE<\/span><\/a><\/div><\/li><\/ul><ul class=\"blog two-columns clearfix\"><li class=\"vc_col-sm-6 wpb_column vc_column_container post post-1 type-post status-publish format-standard has-post-thumbnail hentry category-genel\"><a class=\"post-image\" href=\"https:\/\/www.polyurethanefoammachine.com\/tr\/batimatec-fuari\/\" title=\"BATIMATEC FUARI\"><img loading=\"lazy\" decoding=\"async\" width=\"870\" height=\"580\" src=\"https:\/\/www.polyurethanefoammachine.com\/tr\/wp-content\/uploads\/2021\/11\/batimatex-expo-870x580.jpg\" class=\"attachment-blog-post-thumb size-blog-post-thumb wp-post-image\" alt=\"BATIMATEC FUARI\" title=\"\" srcset=\"https:\/\/www.polyurethanefoammachine.com\/tr\/wp-content\/uploads\/2021\/11\/batimatex-expo-870x580.jpg 870w, https:\/\/www.polyurethanefoammachine.com\/tr\/wp-content\/uploads\/2021\/11\/batimatex-expo-570x380.jpg 570w, https:\/\/www.polyurethanefoammachine.com\/tr\/wp-content\/uploads\/2021\/11\/batimatex-expo-480x320.jpg 480w, https:\/\/www.polyurethanefoammachine.com\/tr\/wp-content\/uploads\/2021\/11\/batimatex-expo-390x260.jpg 390w, https:\/\/www.polyurethanefoammachine.com\/tr\/wp-content\/uploads\/2021\/11\/batimatex-expo-270x180.jpg 270w\" sizes=\"auto, (max-width: 870px) 100vw, 870px\" \/><\/a><div class=\"post-content-details-container clearfix\"><ul class=\"post-content-details margin-right-20\"><li>15 Kas\u0131m 2021<\/li><li>In <a class=\"category-1\" href=\"https:\/\/www.polyurethanefoammachine.com\/tr\/genel\/\" title=\"View all posts filed under Genel\">Genel<\/a><\/li><\/ul><ul class=\"post-content-details right\"><li class=\"template-eye\">213<\/li><\/ul><\/div><h3 class=\"box-header align-left\"><a href=\"https:\/\/www.polyurethanefoammachine.com\/tr\/batimatec-fuari\/\" title=\"BATIMATEC FUARI\">BATIMATEC FUARI<\/a><\/h3><p>WordPress\u2019e ho\u015f geldiniz. Bu sizin il 7 \u2013 11 Kas\u0131m 2021 Batimatex Expo fuar\u0131ndayd\u0131k.<\/p>\n<div class=\"vc_row wpb_row vc_row-fluid padding-top-54 padding-bottom-20\"><a title=\"READ MORE\" href=\"https:\/\/www.polyurethanefoammachine.com\/tr\/batimatec-fuari\/\" class=\"more\"><span>READ MORE<\/span><\/a><\/div><\/li><\/ul><\/div>[\/vc_column][\/vc_row]<\/p>\n","protected":false},"excerpt":{"rendered":"<p>[vc_row][vc_column][\/vc_column][\/vc_row]<\/p>\n","protected":false},"author":1,"featured_media":0,"parent":0,"menu_order":0,"comment_status":"closed","ping_status":"open","template":"","meta":{"footnotes":""},"class_list":["post-290","page","type-page","status-publish","hentry"],"_links":{"self":[{"href":"https:\/\/www.polyurethanefoammachine.com\/tr\/wp-json\/wp\/v2\/pages\/290","targetHints":{"allow":["GET"]}}],"collection":[{"href":"https:\/\/www.polyurethanefoammachine.com\/tr\/wp-json\/wp\/v2\/pages"}],"about":[{"href":"https:\/\/www.polyurethanefoammachine.com\/tr\/wp-json\/wp\/v2\/types\/page"}],"author":[{"embeddable":true,"href":"https:\/\/www.polyurethanefoammachine.com\/tr\/wp-json\/wp\/v2\/users\/1"}],"replies":[{"embeddable":true,"href":"https:\/\/www.polyurethanefoammachine.com\/tr\/wp-json\/wp\/v2\/comments?post=290"}],"version-history":[{"count":3,"href":"https:\/\/www.polyurethanefoammachine.com\/tr\/wp-json\/wp\/v2\/pages\/290\/revisions"}],"predecessor-version":[{"id":1860,"href":"https:\/\/www.polyurethanefoammachine.com\/tr\/wp-json\/wp\/v2\/pages\/290\/revisions\/1860"}],"wp:attachment":[{"href":"https:\/\/www.polyurethanefoammachine.com\/tr\/wp-json\/wp\/v2\/media?parent=290"}],"curies":[{"name":"wp","href":"https:\/\/api.w.org\/{rel}","templated":true}]}}